{"id":1666,"date":"2025-07-30T05:18:19","date_gmt":"2025-07-30T05:18:19","guid":{"rendered":"https:\/\/quantongfastener.com\/?post_type=product&#038;p=1666"},"modified":"2025-08-21T03:26:46","modified_gmt":"2025-08-21T03:26:46","slug":"din-7984-hex-socket-thin-head-cap-bolt","status":"publish","type":"product","link":"https:\/\/quantongfastener.com\/de\/produkt\/din-7984-hex-socket-thin-head-cap-bolt\/","title":{"rendered":"Din 7984 Innensechskantschraube mit d\u00fcnnem Kopf"},"content":{"rendered":"<div class=\"fl-row fl-row-full-width fl-row-bg-none fl-node-5e588ed3c1dfd\" data-node=\"5e588ed3c1dfd\">\n<div class=\"fl-row-content-wrap\">\n<div class=\"fl-row-content fl-row-full-width fl-node-content\">\n<div class=\"fl-col-group fl-node-5e58a70c70238\" data-node=\"5e58a70c70238\">\n<div class=\"fl-col fl-node-5e58a70c7049c\" data-node=\"5e58a70c7049c\">\n<div class=\"fl-col-content fl-node-content\">\n<div class=\"fl-module fl-module-rich-text fl-node-5e58a70c7007f\" data-node=\"5e58a70c7007f\" data-animation-delay=\"0.0\">\n<div class=\"fl-module-content fl-node-content\">\n<div class=\"fl-rich-text\">\n<div class=\"table_wrap\">\n<table border=\"1\" cellspacing=\"0\">\n<tbody>\n<tr>\n<td valign=\"top\" width=\"161\">Name des Produkts<\/td>\n<td valign=\"top\" width=\"406\"><b>Innensechskant-Flachkopfkappe\u00a0<\/b><b>Schraube<\/b><\/td>\n<\/tr>\n<tr>\n<td valign=\"top\" width=\"161\">Gr\u00f6\u00dfe<\/td>\n<td valign=\"top\" width=\"406\">M3-24<\/td>\n<\/tr>\n<tr>\n<td valign=\"top\" width=\"161\">L\u00e4nge<\/td>\n<td valign=\"top\" width=\"406\">5-100mm oder nach Bedarf<\/td>\n<\/tr>\n<tr>\n<td valign=\"top\" width=\"161\">Klasse<\/td>\n<td valign=\"top\" width=\"406\">4.8\/8.8\/10.9\/12.9<\/td>\n<\/tr>\n<tr>\n<td valign=\"top\" width=\"161\">Material<\/td>\n<td valign=\"top\" width=\"406\">Steel\/35k\/45\/40Cr\/35Crmo<\/td>\n<\/tr>\n<tr>\n<td valign=\"top\" width=\"161\">Oberfl\u00e4chenbehandlung<\/td>\n<td valign=\"top\" width=\"406\">Glatt\/Schwarz\/Zink\/HDG<\/td>\n<\/tr>\n<tr>\n<td valign=\"top\" width=\"161\">Standard<\/td>\n<td valign=\"top\" width=\"406\">DIN\/ISO<\/td>\n<\/tr>\n<tr>\n<td valign=\"top\" width=\"161\">Zertifikat<\/td>\n<td valign=\"top\" width=\"406\">ISO 9001<\/td>\n<\/tr>\n<tr>\n<td valign=\"top\" width=\"161\">Muster<\/td>\n<td valign=\"top\" width=\"406\">Kostenlose Proben<\/td>\n<\/tr>\n<\/tbody>\n<\/table>\n<\/div>\n<\/div>\n<\/div>\n<\/div>\n<\/div>\n<\/div>\n<\/div>\n<\/div>\n<\/div>\n<\/div>\n<div class=\"fl-row fl-row-full-width fl-row-bg-none fl-node-5e58a7545e65e\" data-node=\"5e58a7545e65e\">\n<div class=\"fl-row-content-wrap\">\n<div class=\"fl-row-content fl-row-full-width fl-node-content\">\n<div class=\"fl-col-group fl-node-5e58a7546167b\" data-node=\"5e58a7546167b\">\n<div class=\"fl-col fl-node-5e58a754619c9\" data-node=\"5e58a754619c9\">\n<div class=\"fl-col-content fl-node-content\">\n<div class=\"fl-module fl-module-rich-text fl-node-5e58a76400902\" data-node=\"5e58a76400902\" data-animation-delay=\"0.0\">\n<div class=\"fl-module-content fl-node-content\">\n<div class=\"fl-rich-text\">\n<p><strong>Verwendung:<\/strong><\/p>\n<\/div>\n<\/div>\n<\/div>\n<\/div>\n<\/div>\n<\/div>\n<div class=\"fl-col-group fl-node-5e58a8753d295\" data-node=\"5e58a8753d295\">\n<div class=\"fl-col fl-node-5e58a8753d52f fl-col-has-cols\" data-node=\"5e58a8753d52f\">\n<div class=\"fl-col-content fl-node-content\">\n<div class=\"fl-module fl-module-rich-text fl-node-5e58a8753d0d9\" data-node=\"5e58a8753d0d9\" data-animation-delay=\"0.0\">\n<div class=\"fl-module-content fl-node-content\">\n<div class=\"fl-rich-text\">\n<p>DIN7984-Schrauben mit d\u00fcnnem Kopf und Innensechskant sind eine Art von Lochschrauben. Innensechskantschrauben mit d\u00fcnnem Kopf werden im Allgemeinen in Werkzeugmaschinen, chemischen Anlagen, Wasserpumpen, Schiffen, Energieanlagen und anderen Bereichen verwendet. Innensechskantschrauben werden in China eher in Exportanlagen verwendet.<\/p>\n<\/div>\n<\/div>\n<\/div>\n<div class=\"fl-col-group fl-node-5e58a8a6b92c1 fl-col-group-nested\" data-node=\"5e58a8a6b92c1\">\n<div class=\"fl-col fl-node-5e58a8a6b9656 fl-col-small\" data-node=\"5e58a8a6b9656\">\n<div class=\"fl-col-content fl-node-content\">\n<div class=\"fl-module fl-module-rich-text fl-node-5e58a8ab1e588\" data-node=\"5e58a8ab1e588\" data-animation-delay=\"0.0\">\n<div class=\"fl-module-content fl-node-content\">\n<div class=\"fl-rich-text\">\n<p><img decoding=\"async\" class=\"alignnone size-full wp-image-1705\" src=\"https:\/\/www.cyfastener.com\/uploads\/7fbbce233.jpg\" alt=\"5\" \/><\/p>\n<\/div>\n<\/div>\n<\/div>\n<\/div>\n<\/div>\n<div class=\"fl-col fl-node-5e58a8a6b96a8 fl-col-small\" data-node=\"5e58a8a6b96a8\">\n<div class=\"fl-col-content fl-node-content\">\n<div class=\"fl-module fl-module-rich-text fl-node-5e58a8c77ec96\" data-node=\"5e58a8c77ec96\" data-animation-delay=\"0.0\">\n<div class=\"fl-module-content fl-node-content\">\n<div class=\"fl-rich-text\">\n<p><img decoding=\"async\" class=\"alignnone size-full wp-image-1705\" src=\"https:\/\/www.cyfastener.com\/uploads\/7e4b5ce23.jpg\" alt=\"5\" \/><\/p>\n<\/div>\n<\/div>\n<\/div>\n<\/div>\n<\/div>\n<\/div>\n<div class=\"fl-module fl-module-rich-text fl-node-5e58a93ca54df\" data-node=\"5e58a93ca54df\" data-animation-delay=\"0.0\">\n<div class=\"fl-module-content fl-node-content\">\n<div class=\"fl-rich-text\">\n<p>D\u00fcnne Innensechskantschrauben aus Kohlenstoffstahl sind im Allgemeinen in den G\u00fcteklassen 8.8 und 12.9 erh\u00e4ltlich.<\/p>\n<\/div>\n<\/div>\n<\/div>\n<\/div>\n<\/div>\n<\/div>\n<div class=\"fl-col-group fl-node-5e58a9585fa00\" data-node=\"5e58a9585fa00\">\n<div class=\"fl-col fl-node-5e58a9585fe2c fl-col-small\" data-node=\"5e58a9585fe2c\">\n<div class=\"fl-col-content fl-node-content\">\n<div class=\"fl-module fl-module-rich-text fl-node-5e58a96a0aa24\" data-node=\"5e58a96a0aa24\" data-animation-delay=\"0.0\">\n<div class=\"fl-module-content fl-node-content\">\n<div class=\"fl-rich-text\">\n<p><img decoding=\"async\" class=\"alignnone size-full wp-image-1704\" src=\"https:\/\/www.cyfastener.com\/uploads\/79a2f3e73.jpg\" alt=\"4\" \/><\/p>\n<\/div>\n<\/div>\n<\/div>\n<\/div>\n<\/div>\n<div class=\"fl-col fl-node-5e58a9585feb5 fl-col-small\" data-node=\"5e58a9585feb5\">\n<div class=\"fl-col-content fl-node-content\">\n<div class=\"fl-module fl-module-rich-text fl-node-5e58a98c683fa\" data-node=\"5e58a98c683fa\" data-animation-delay=\"0.0\">\n<div class=\"fl-module-content fl-node-content\">\n<div class=\"fl-rich-text\">\n<p><img decoding=\"async\" class=\"alignnone size-full wp-image-1704\" src=\"https:\/\/www.cyfastener.com\/uploads\/1c5a880f1.jpg\" alt=\"4\" \/><\/p>\n<\/div>\n<\/div>\n<\/div>\n<\/div>\n<\/div>\n<div class=\"fl-col fl-node-5e58a9585ff92 fl-col-small\" data-node=\"5e58a9585ff92\">\n<div class=\"fl-col-content fl-node-content\">\n<div class=\"fl-module fl-module-rich-text fl-node-5e58a98fde454\" data-node=\"5e58a98fde454\" data-animation-delay=\"0.0\">\n<div class=\"fl-module-content fl-node-content\">\n<div class=\"fl-rich-text\">\n<p><img decoding=\"async\" class=\"alignnone size-full wp-image-1704\" src=\"https:\/\/www.cyfastener.com\/uploads\/38a0b9232.jpg\" alt=\"4\" \/><\/p>\n<\/div>\n<\/div>\n<\/div>\n<\/div>\n<\/div>\n<\/div>\n<div class=\"fl-col-group fl-node-5e58a9cb116b2\" data-node=\"5e58a9cb116b2\">\n<div class=\"fl-col fl-node-5e58a9cb11aa1\" data-node=\"5e58a9cb11aa1\">\n<div class=\"fl-col-content fl-node-content\">\n<div class=\"fl-module fl-module-rich-text fl-node-5e58a9cf008b9\" data-node=\"5e58a9cf008b9\" data-animation-delay=\"0.0\">\n<div class=\"fl-module-content fl-node-content\">\n<div class=\"fl-rich-text\">\n<p>D\u00fcnne Innensechskantschrauben der G\u00fcteklasse 12.9 werden im Allgemeinen nicht beschichtet, um Wasserstoffverspr\u00f6dung und Risse oder Br\u00fcche der Produkte nach dem Beschichten zu vermeiden.<\/p>\n<\/div>\n<\/div>\n<\/div>\n<\/div>\n<\/div>\n<\/div>\n<\/div>\n<\/div>\n<\/div>\n<div class=\"fl-row fl-row-full-width fl-row-bg-none fl-node-5e58a9e77f699\" data-node=\"5e58a9e77f699\">\n<div class=\"fl-row-content-wrap\">\n<div class=\"fl-row-content fl-row-full-width fl-node-content\">\n<div class=\"fl-col-group fl-node-5e58a9e783e29\" data-node=\"5e58a9e783e29\">\n<div class=\"fl-col fl-node-5e58a9e7841d0\" data-node=\"5e58a9e7841d0\">\n<div class=\"fl-col-content fl-node-content\">\n<div class=\"fl-module fl-module-rich-text fl-node-5e58a9f606533\" data-node=\"5e58a9f606533\" data-animation-delay=\"0.0\">\n<div class=\"fl-module-content fl-node-content\">\n<div class=\"fl-rich-text\">\n<p><strong>Produktvorteile:<\/strong><\/p>\n<\/div>\n<\/div>\n<\/div>\n<\/div>\n<\/div>\n<\/div>\n<div class=\"fl-col-group fl-node-5e58aad9ca52c\" data-node=\"5e58aad9ca52c\">\n<div class=\"fl-col fl-node-5e58aad9ca843\" data-node=\"5e58aad9ca843\">\n<div class=\"fl-col-content fl-node-content\">\n<div class=\"fl-module fl-module-rich-text fl-node-5e58aad9ca33d\" data-node=\"5e58aad9ca33d\" data-animation-delay=\"0.0\">\n<div class=\"fl-module-content fl-node-content\">\n<div class=\"fl-rich-text\">\n<ol>\n<li><strong>Feinmechanische Bearbeitung<\/strong><\/li>\n<\/ol>\n<p align=\"justify\">\u2606 Messen und Bearbeiten mit Pr\u00e4zisionswerkzeugmaschinen und Messwerkzeugen unter streng kontrollierten Umweltbedingungen.<\/p>\n<ol>\n<li><strong>Hochwertiger Kohlenstoffstahl (35#\/45#)<\/strong><\/li>\n<\/ol>\n<p align=\"justify\">\u2606 Mit langer Lebensdauer, geringer W\u00e4rmeentwicklung, hoher H\u00e4rte, hoher Steifigkeit, geringem L\u00e4rm, hoher Verschlei\u00dffestigkeit und anderen Eigenschaften.<\/p>\n<ol>\n<li><strong>Kosteng\u00fcnstig<\/strong><\/li>\n<\/ol>\n<p align=\"justify\">\u2606 Die Verwendung von hochwertigem Kohlenstoffstahl, nach der Pr\u00e4zisionsverarbeitung und Formgebung, verbessert die Benutzererfahrung erheblich.<\/p>\n<\/div>\n<\/div>\n<\/div>\n<\/div>\n<\/div>\n<\/div>\n<\/div>\n<\/div>\n<\/div>\n<div class=\"fl-row fl-row-full-width fl-row-bg-none fl-node-5e58aafc6e854\" data-node=\"5e58aafc6e854\">\n<div class=\"fl-row-content-wrap\">\n<div class=\"fl-row-content fl-row-full-width fl-node-content\">\n<div class=\"fl-col-group fl-node-5e58aafc74efd\" data-node=\"5e58aafc74efd\">\n<div class=\"fl-col fl-node-5e58aafc752c7\" data-node=\"5e58aafc752c7\">\n<div class=\"fl-col-content fl-node-content\">\n<div class=\"fl-module fl-module-rich-text fl-node-5e58ab0e07ee0\" data-node=\"5e58ab0e07ee0\" data-animation-delay=\"0.0\">\n<div class=\"fl-module-content fl-node-content\">\n<div class=\"fl-rich-text\">\n<p><strong>Oberfl\u00e4chenbehandlung:<\/strong><\/p>\n<\/div>\n<\/div>\n<\/div>\n<\/div>\n<\/div>\n<\/div>\n<div class=\"fl-col-group fl-node-5e58ab2f4a285\" data-node=\"5e58ab2f4a285\">\n<div class=\"fl-col fl-node-5e58ab2f4a691\" data-node=\"5e58ab2f4a691\">\n<div class=\"fl-col-content fl-node-content\">\n<div class=\"fl-module fl-module-rich-text fl-node-5e58ab2f49fc6\" data-node=\"5e58ab2f49fc6\" data-animation-delay=\"0.0\">\n<div class=\"fl-module-content fl-node-content\">\n<div class=\"fl-rich-text\">\n<ol>\n<li><strong>SCHWARZ<\/strong><\/li>\n<\/ol>\n<p align=\"justify\">\u2606 Schwarz ist eine g\u00e4ngige Methode zur W\u00e4rmebehandlung von Metallen. Das Prinzip besteht darin, eine Oxidschicht auf der Metalloberfl\u00e4che zu bilden, um die Luft zu isolieren und Rost zu verhindern. Schw\u00e4rzen ist eine g\u00e4ngige Methode f\u00fcr die W\u00e4rmebehandlung von Metallen. Das Prinzip besteht darin, eine Oxidschicht auf der Metalloberfl\u00e4che zu bilden, um die Luft zu isolieren und Rost zu verhindern.<\/p>\n<ol>\n<li><strong>ZINZ<\/strong><\/li>\n<\/ol>\n<p align=\"justify\">\u2606 Die galvanische Verzinkung ist eine traditionelle Technologie zur Behandlung von Metallbeschichtungen, die Metalloberfl\u00e4chen eine grundlegende Korrosionsbest\u00e4ndigkeit verleiht. Die wichtigsten Vorteile sind eine gute L\u00f6tbarkeit und ein geeigneter Kontaktwiderstand. Aufgrund ihrer guten Schmiereigenschaften wird die Cadmiumbeschichtung h\u00e4ufig in der Luft- und Raumfahrt, der Schifffahrt sowie bei Radio- und Elektronikprodukten eingesetzt. Die Beschichtung sch\u00fctzt das Stahlsubstrat sowohl vor mechanischen als auch vor chemischen Einfl\u00fcssen, so dass die Korrosionsbest\u00e4ndigkeit wesentlich besser ist als bei der Verzinkung.<\/p>\n<ol>\n<li><strong>HDG<\/strong><\/li>\n<\/ol>\n<p align=\"justify\">Die Hauptvorteile sind die gute L\u00f6tbarkeit und der geeignete Kontaktwiderstand. Aufgrund seiner guten Schmiereigenschaften wird die Cadmiumbeschichtung h\u00e4ufig in der Luft- und Raumfahrt, der Schifffahrt sowie bei Radio- und Elektronikprodukten verwendet. Die Beschichtung sch\u00fctzt das Stahlsubstrat sowohl vor mechanischen als auch vor chemischen Einfl\u00fcssen, so dass die Korrosionsbest\u00e4ndigkeit wesentlich besser ist als bei der Verzinkung. Schmelztauchverzinkung hat eine gute Korrosionsbest\u00e4ndigkeit, einen Opferschutz f\u00fcr Stahlsubstrate, eine hohe Witterungsbest\u00e4ndigkeit und ist resistent gegen Salzwassererosion. Es eignet sich f\u00fcr Chemieanlagen, Raffinerien und Betriebsplattformen an der K\u00fcste und auf See.<\/p>\n<\/div>\n<\/div>\n<\/div>\n<\/div>\n<\/div>\n<\/div>\n<\/div>\n<\/div>\n<\/div>\n<div class=\"fl-row fl-row-full-width fl-row-bg-none fl-node-5e58ab456a2da\" data-node=\"5e58ab456a2da\">\n<div class=\"fl-row-content-wrap\">\n<div class=\"fl-row-content fl-row-full-width fl-node-content\">\n<div class=\"fl-col-group fl-node-5e58ab457086f\" data-node=\"5e58ab457086f\">\n<div class=\"fl-col fl-node-5e58ab4570bee\" data-node=\"5e58ab4570bee\">\n<div class=\"fl-col-content fl-node-content\">\n<div class=\"fl-module fl-module-rich-text fl-node-5e58ab5533d96\" data-node=\"5e58ab5533d96\" data-animation-delay=\"0.0\">\n<div class=\"fl-module-content fl-node-content\">\n<div class=\"fl-rich-text\">\n<p><strong>Parameter des Produkts:<\/strong><\/p>\n<\/div>\n<\/div>\n<\/div>\n<\/div>\n<\/div>\n<\/div>\n<div class=\"fl-col-group fl-node-5e58abb0493e8\" data-node=\"5e58abb0493e8\">\n<div class=\"fl-col fl-node-5e58abb0497a1\" data-node=\"5e58abb0497a1\">\n<div class=\"fl-col-content fl-node-content\">\n<div class=\"fl-module fl-module-rich-text fl-node-5e58abb0491b4\" data-node=\"5e58abb0491b4\" data-animation-delay=\"0.0\">\n<div class=\"fl-module-content fl-node-content\">\n<div class=\"fl-rich-text\">\n<p>DIN 7984 STANDARD<\/p>\n<p><a href=\"http:\/\/k1688.quanqiusou.cn\/uploads\/0cfaa9d04.png\"><img decoding=\"async\" class=\"alignnone size-full wp-image-1708\" src=\"http:\/\/k1688.quanqiusou.cn\/uploads\/0cfaa9d04.png\" alt=\"cp1\" \/><\/a>\u00a0<a href=\"http:\/\/k1688.quanqiusou.cn\/uploads\/404434123.png\"><img decoding=\"async\" class=\"alignnone size-medium wp-image-1709\" src=\"http:\/\/k1688.quanqiusou.cn\/uploads\/404434123.png\" alt=\"cp2\" \/><\/a><\/p>\n<\/div>\n<\/div>\n<\/div>\n<\/div>\n<\/div>\n<\/div>\n<\/div>\n<\/div>\n<\/div>","protected":false},"excerpt":{"rendered":"<p>Min.Bestellmenge:2Tonnen<\/p>\n<p>VERPACKUNG: BEUTEL\/KARTON MIT PALETTE<\/p>\n<p>HAFEN:TIANJIN\/QINGDAO\/SHANGHAI\/NINGBO<\/p>\n<p>LIEFERUNG:5-30 TAGE JE NACH MENGE<\/p>\n<p>BEZAHLUNG:T\/T\/LC<\/p>\n<p>Lieferf\u00e4higkeit:500 TONNEN PRO MONAT<\/p>\n<p>&nbsp;<\/p>\n<ul>\n<li><em>FOB-Preis:<\/em>US $0.5 - 9,999 \/ St\u00fcck<\/li>\n<li><em>Mindestbestellmenge:<\/em>100 St\u00fcck\/St\u00fcck<\/li>\n<li><em>Lieferf\u00e4higkeit:<\/em>10000 St\u00fcck\/St\u00fcck pro Monat<\/li>\n<\/ul>","protected":false},"featured_media":1672,"template":"","meta":{"_kad_post_transparent":"default","_kad_post_title":"","_kad_post_layout":"default","_kad_post_sidebar_id":"","_kad_post_content_style":"default","_kad_post_vertical_padding":"default","_kad_post_feature":"","_kad_post_feature_position":"","_kad_post_header":false,"_kad_post_footer":false},"product_brand":[],"product_cat":[28,41],"product_tag":[],"class_list":{"0":"post-1666","1":"product","2":"type-product","3":"status-publish","4":"has-post-thumbnail","6":"product_cat-bolt","7":"product_cat-din-7984-hex-socket-head-cap-boit-with-low-head","9":"first","10":"instock","11":"shipping-taxable","12":"product-type-simple","13":"entry","14":"content-bg","15":"loop-entry"},"yoast_head":"<!-- This site is optimized with the Yoast SEO plugin v27.4 - https:\/\/yoast.com\/product\/yoast-seo-wordpress\/ -->\n<title>Din\u20027984\u2002hex socket thin head cap bolt\u2002 - Quantong Fastener<\/title>\n<meta name=\"robots\" content=\"index, follow, max-snippet:-1, max-image-preview:large, max-video-preview:-1\" \/>\n<link rel=\"canonical\" href=\"https:\/\/quantongfastener.com\/de\/produkt\/din-7984-hex-socket-thin-head-cap-bolt\/\" \/>\n<meta property=\"og:locale\" content=\"de_DE\" \/>\n<meta property=\"og:type\" content=\"article\" \/>\n<meta property=\"og:title\" content=\"Din\u20027984\u2002hex socket thin head cap bolt\u2002 - Quantong Fastener\" \/>\n<meta property=\"og:description\" content=\"Min.Order Quantity:2TONS  PACKAGING:BAG\/BOX WITH PALLET  PORT:TIANJIN\/QINGDAO\/SHANGHAI\/NINGBO  DELIVERY:5-30DAYS ON QTY  PAYMENT:T\/T\/LC  Supply Ability:500 TON PER MONTH  &nbsp;   FOB Price:US $0.5 - 9,999 \/ Piece  Min.Order Quantity:100 Piece\/Pieces  Supply Ability:10000 Piece\/Pieces per Month\" \/>\n<meta property=\"og:url\" content=\"https:\/\/quantongfastener.com\/de\/produkt\/din-7984-hex-socket-thin-head-cap-bolt\/\" \/>\n<meta property=\"og:site_name\" content=\"Quantong Fastener\" \/>\n<meta property=\"article:modified_time\" content=\"2025-08-21T03:26:46+00:00\" \/>\n<meta property=\"og:image\" content=\"https:\/\/quantongfastener.com\/wp-content\/uploads\/2025\/07\/Din-7984-hex-socket-thin-head-cap-bolt.jpg\" \/>\n\t<meta property=\"og:image:width\" content=\"610\" \/>\n\t<meta property=\"og:image:height\" content=\"610\" \/>\n\t<meta property=\"og:image:type\" content=\"image\/jpeg\" \/>\n<meta name=\"twitter:card\" content=\"summary_large_image\" \/>\n<meta name=\"twitter:label1\" content=\"Gesch\u00e4tzte Lesezeit\" \/>\n\t<meta name=\"twitter:data1\" content=\"4\u00a0Minuten\" \/>\n<script type=\"application\/ld+json\" class=\"yoast-schema-graph\">{\"@context\":\"https:\\\/\\\/schema.org\",\"@graph\":[{\"@type\":\"WebPage\",\"@id\":\"https:\\\/\\\/quantongfastener.com\\\/product\\\/din-7984-hex-socket-thin-head-cap-bolt\\\/\",\"url\":\"https:\\\/\\\/quantongfastener.com\\\/product\\\/din-7984-hex-socket-thin-head-cap-bolt\\\/\",\"name\":\"Din\u20027984\u2002hex socket thin head cap bolt\u2002 - Quantong Fastener\",\"isPartOf\":{\"@id\":\"https:\\\/\\\/quantongfastener.com\\\/#website\"},\"primaryImageOfPage\":{\"@id\":\"https:\\\/\\\/quantongfastener.com\\\/product\\\/din-7984-hex-socket-thin-head-cap-bolt\\\/#primaryimage\"},\"image\":{\"@id\":\"https:\\\/\\\/quantongfastener.com\\\/product\\\/din-7984-hex-socket-thin-head-cap-bolt\\\/#primaryimage\"},\"thumbnailUrl\":\"https:\\\/\\\/quantongfastener.com\\\/wp-content\\\/uploads\\\/2025\\\/07\\\/Din-7984-hex-socket-thin-head-cap-bolt.jpg\",\"datePublished\":\"2025-07-30T05:18:19+00:00\",\"dateModified\":\"2025-08-21T03:26:46+00:00\",\"breadcrumb\":{\"@id\":\"https:\\\/\\\/quantongfastener.com\\\/product\\\/din-7984-hex-socket-thin-head-cap-bolt\\\/#breadcrumb\"},\"inLanguage\":\"de\",\"potentialAction\":[{\"@type\":\"ReadAction\",\"target\":[\"https:\\\/\\\/quantongfastener.com\\\/product\\\/din-7984-hex-socket-thin-head-cap-bolt\\\/\"]}]},{\"@type\":\"ImageObject\",\"inLanguage\":\"de\",\"@id\":\"https:\\\/\\\/quantongfastener.com\\\/product\\\/din-7984-hex-socket-thin-head-cap-bolt\\\/#primaryimage\",\"url\":\"https:\\\/\\\/quantongfastener.com\\\/wp-content\\\/uploads\\\/2025\\\/07\\\/Din-7984-hex-socket-thin-head-cap-bolt.jpg\",\"contentUrl\":\"https:\\\/\\\/quantongfastener.com\\\/wp-content\\\/uploads\\\/2025\\\/07\\\/Din-7984-hex-socket-thin-head-cap-bolt.jpg\",\"width\":610,\"height\":610},{\"@type\":\"BreadcrumbList\",\"@id\":\"https:\\\/\\\/quantongfastener.com\\\/product\\\/din-7984-hex-socket-thin-head-cap-bolt\\\/#breadcrumb\",\"itemListElement\":[{\"@type\":\"ListItem\",\"position\":1,\"name\":\"Home\",\"item\":\"https:\\\/\\\/quantongfastener.com\\\/\"},{\"@type\":\"ListItem\",\"position\":2,\"name\":\"Products\",\"item\":\"https:\\\/\\\/quantongfastener.com\\\/products\\\/\"},{\"@type\":\"ListItem\",\"position\":3,\"name\":\"Din\u20027984\u2002hex socket thin head cap bolt\u2002\"}]},{\"@type\":\"WebSite\",\"@id\":\"https:\\\/\\\/quantongfastener.com\\\/#website\",\"url\":\"https:\\\/\\\/quantongfastener.com\\\/\",\"name\":\"Quantong Fastener\",\"description\":\"\",\"publisher\":{\"@id\":\"https:\\\/\\\/quantongfastener.com\\\/#organization\"},\"potentialAction\":[{\"@type\":\"SearchAction\",\"target\":{\"@type\":\"EntryPoint\",\"urlTemplate\":\"https:\\\/\\\/quantongfastener.com\\\/?s={search_term_string}\"},\"query-input\":{\"@type\":\"PropertyValueSpecification\",\"valueRequired\":true,\"valueName\":\"search_term_string\"}}],\"inLanguage\":\"de\"},{\"@type\":\"Organization\",\"@id\":\"https:\\\/\\\/quantongfastener.com\\\/#organization\",\"name\":\"Quantong Fastener\",\"url\":\"https:\\\/\\\/quantongfastener.com\\\/\",\"logo\":{\"@type\":\"ImageObject\",\"inLanguage\":\"de\",\"@id\":\"https:\\\/\\\/quantongfastener.com\\\/#\\\/schema\\\/logo\\\/image\\\/\",\"url\":\"https:\\\/\\\/quantongfastener.com\\\/wp-content\\\/uploads\\\/2025\\\/07\\\/logo.jpg\",\"contentUrl\":\"https:\\\/\\\/quantongfastener.com\\\/wp-content\\\/uploads\\\/2025\\\/07\\\/logo.jpg\",\"width\":425,\"height\":424,\"caption\":\"Quantong Fastener\"},\"image\":{\"@id\":\"https:\\\/\\\/quantongfastener.com\\\/#\\\/schema\\\/logo\\\/image\\\/\"}}]}<\/script>\n<!-- \/ Yoast SEO plugin. -->","yoast_head_json":{"title":"Din\u20027984\u2002hex socket thin head cap bolt\u2002 - Quantong Fastener","robots":{"index":"index","follow":"follow","max-snippet":"max-snippet:-1","max-image-preview":"max-image-preview:large","max-video-preview":"max-video-preview:-1"},"canonical":"https:\/\/quantongfastener.com\/de\/produkt\/din-7984-hex-socket-thin-head-cap-bolt\/","og_locale":"de_DE","og_type":"article","og_title":"Din\u20027984\u2002hex socket thin head cap bolt\u2002 - Quantong Fastener","og_description":"Min.Order Quantity:2TONS  PACKAGING:BAG\/BOX WITH PALLET  PORT:TIANJIN\/QINGDAO\/SHANGHAI\/NINGBO  DELIVERY:5-30DAYS ON QTY  PAYMENT:T\/T\/LC  Supply Ability:500 TON PER MONTH  &nbsp;   FOB Price:US $0.5 - 9,999 \/ Piece  Min.Order Quantity:100 Piece\/Pieces  Supply Ability:10000 Piece\/Pieces per Month","og_url":"https:\/\/quantongfastener.com\/de\/produkt\/din-7984-hex-socket-thin-head-cap-bolt\/","og_site_name":"Quantong Fastener","article_modified_time":"2025-08-21T03:26:46+00:00","og_image":[{"width":610,"height":610,"url":"https:\/\/quantongfastener.com\/wp-content\/uploads\/2025\/07\/Din-7984-hex-socket-thin-head-cap-bolt.jpg","type":"image\/jpeg"}],"twitter_card":"summary_large_image","twitter_misc":{"Gesch\u00e4tzte Lesezeit":"4\u00a0Minuten"},"schema":{"@context":"https:\/\/schema.org","@graph":[{"@type":"WebPage","@id":"https:\/\/quantongfastener.com\/product\/din-7984-hex-socket-thin-head-cap-bolt\/","url":"https:\/\/quantongfastener.com\/product\/din-7984-hex-socket-thin-head-cap-bolt\/","name":"Din\u20027984\u2002hex socket thin head cap bolt\u2002 - Quantong Fastener","isPartOf":{"@id":"https:\/\/quantongfastener.com\/#website"},"primaryImageOfPage":{"@id":"https:\/\/quantongfastener.com\/product\/din-7984-hex-socket-thin-head-cap-bolt\/#primaryimage"},"image":{"@id":"https:\/\/quantongfastener.com\/product\/din-7984-hex-socket-thin-head-cap-bolt\/#primaryimage"},"thumbnailUrl":"https:\/\/quantongfastener.com\/wp-content\/uploads\/2025\/07\/Din-7984-hex-socket-thin-head-cap-bolt.jpg","datePublished":"2025-07-30T05:18:19+00:00","dateModified":"2025-08-21T03:26:46+00:00","breadcrumb":{"@id":"https:\/\/quantongfastener.com\/product\/din-7984-hex-socket-thin-head-cap-bolt\/#breadcrumb"},"inLanguage":"de","potentialAction":[{"@type":"ReadAction","target":["https:\/\/quantongfastener.com\/product\/din-7984-hex-socket-thin-head-cap-bolt\/"]}]},{"@type":"ImageObject","inLanguage":"de","@id":"https:\/\/quantongfastener.com\/product\/din-7984-hex-socket-thin-head-cap-bolt\/#primaryimage","url":"https:\/\/quantongfastener.com\/wp-content\/uploads\/2025\/07\/Din-7984-hex-socket-thin-head-cap-bolt.jpg","contentUrl":"https:\/\/quantongfastener.com\/wp-content\/uploads\/2025\/07\/Din-7984-hex-socket-thin-head-cap-bolt.jpg","width":610,"height":610},{"@type":"BreadcrumbList","@id":"https:\/\/quantongfastener.com\/product\/din-7984-hex-socket-thin-head-cap-bolt\/#breadcrumb","itemListElement":[{"@type":"ListItem","position":1,"name":"Home","item":"https:\/\/quantongfastener.com\/"},{"@type":"ListItem","position":2,"name":"Products","item":"https:\/\/quantongfastener.com\/products\/"},{"@type":"ListItem","position":3,"name":"Din\u20027984\u2002hex socket thin head cap bolt\u2002"}]},{"@type":"WebSite","@id":"https:\/\/quantongfastener.com\/#website","url":"https:\/\/quantongfastener.com\/","name":"Quantong-Verschluss","description":"","publisher":{"@id":"https:\/\/quantongfastener.com\/#organization"},"potentialAction":[{"@type":"SearchAction","target":{"@type":"EntryPoint","urlTemplate":"https:\/\/quantongfastener.com\/?s={search_term_string}"},"query-input":{"@type":"PropertyValueSpecification","valueRequired":true,"valueName":"search_term_string"}}],"inLanguage":"de"},{"@type":"Organization","@id":"https:\/\/quantongfastener.com\/#organization","name":"Quantong-Verschluss","url":"https:\/\/quantongfastener.com\/","logo":{"@type":"ImageObject","inLanguage":"de","@id":"https:\/\/quantongfastener.com\/#\/schema\/logo\/image\/","url":"https:\/\/quantongfastener.com\/wp-content\/uploads\/2025\/07\/logo.jpg","contentUrl":"https:\/\/quantongfastener.com\/wp-content\/uploads\/2025\/07\/logo.jpg","width":425,"height":424,"caption":"Quantong Fastener"},"image":{"@id":"https:\/\/quantongfastener.com\/#\/schema\/logo\/image\/"}}]}},"_links":{"self":[{"href":"https:\/\/quantongfastener.com\/de\/wp-json\/wp\/v2\/product\/1666","targetHints":{"allow":["GET"]}}],"collection":[{"href":"https:\/\/quantongfastener.com\/de\/wp-json\/wp\/v2\/product"}],"about":[{"href":"https:\/\/quantongfastener.com\/de\/wp-json\/wp\/v2\/types\/product"}],"wp:featuredmedia":[{"embeddable":true,"href":"https:\/\/quantongfastener.com\/de\/wp-json\/wp\/v2\/media\/1672"}],"wp:attachment":[{"href":"https:\/\/quantongfastener.com\/de\/wp-json\/wp\/v2\/media?parent=1666"}],"wp:term":[{"taxonomy":"product_brand","embeddable":true,"href":"https:\/\/quantongfastener.com\/de\/wp-json\/wp\/v2\/product_brand?post=1666"},{"taxonomy":"product_cat","embeddable":true,"href":"https:\/\/quantongfastener.com\/de\/wp-json\/wp\/v2\/product_cat?post=1666"},{"taxonomy":"product_tag","embeddable":true,"href":"https:\/\/quantongfastener.com\/de\/wp-json\/wp\/v2\/product_tag?post=1666"}],"curies":[{"name":"wp","href":"https:\/\/api.w.org\/{rel}","templated":true}]}}