{"id":1581,"date":"2025-07-29T16:03:39","date_gmt":"2025-07-29T16:03:39","guid":{"rendered":"https:\/\/quantongfastener.com\/?post_type=product&#038;p=1581"},"modified":"2025-07-29T16:03:39","modified_gmt":"2025-07-29T16:03:39","slug":"iso-7379-low-head-shoulder-bolt-screw","status":"publish","type":"product","link":"https:\/\/quantongfastener.com\/de\/produkt\/iso-7379-low-head-shoulder-bolt-screw\/","title":{"rendered":"ISO 7379 Flachkopf-Schulterschraube"},"content":{"rendered":"<p><strong>Beschreibung des Produkts:<\/strong><\/p>\n<p><img fetchpriority=\"high\" decoding=\"async\" class=\"alignnone size-full wp-image-1582\" src=\"https:\/\/quantongfastener.com\/wp-content\/uploads\/2025\/07\/ISO-7379-Low-Head-Shoulder-Bolt-Screw-1.jpg\" alt=\"\" width=\"610\" height=\"610\" srcset=\"https:\/\/quantongfastener.com\/wp-content\/uploads\/2025\/07\/ISO-7379-Low-Head-Shoulder-Bolt-Screw-1.jpg 610w, https:\/\/quantongfastener.com\/wp-content\/uploads\/2025\/07\/ISO-7379-Low-Head-Shoulder-Bolt-Screw-1-300x300.jpg 300w, https:\/\/quantongfastener.com\/wp-content\/uploads\/2025\/07\/ISO-7379-Low-Head-Shoulder-Bolt-Screw-1-150x150.jpg 150w, https:\/\/quantongfastener.com\/wp-content\/uploads\/2025\/07\/ISO-7379-Low-Head-Shoulder-Bolt-Screw-1-12x12.jpg 12w, https:\/\/quantongfastener.com\/wp-content\/uploads\/2025\/07\/ISO-7379-Low-Head-Shoulder-Bolt-Screw-1-600x600.jpg 600w, https:\/\/quantongfastener.com\/wp-content\/uploads\/2025\/07\/ISO-7379-Low-Head-Shoulder-Bolt-Screw-1-100x100.jpg 100w\" sizes=\"(max-width: 610px) 100vw, 610px\" \/> <img decoding=\"async\" class=\"alignnone size-full wp-image-1583\" src=\"https:\/\/quantongfastener.com\/wp-content\/uploads\/2025\/07\/ISO-7379-Low-Head-Shoulder-Bolt-Screw-2.jpg\" alt=\"\" width=\"610\" height=\"610\" srcset=\"https:\/\/quantongfastener.com\/wp-content\/uploads\/2025\/07\/ISO-7379-Low-Head-Shoulder-Bolt-Screw-2.jpg 610w, https:\/\/quantongfastener.com\/wp-content\/uploads\/2025\/07\/ISO-7379-Low-Head-Shoulder-Bolt-Screw-2-300x300.jpg 300w, https:\/\/quantongfastener.com\/wp-content\/uploads\/2025\/07\/ISO-7379-Low-Head-Shoulder-Bolt-Screw-2-150x150.jpg 150w, https:\/\/quantongfastener.com\/wp-content\/uploads\/2025\/07\/ISO-7379-Low-Head-Shoulder-Bolt-Screw-2-12x12.jpg 12w, https:\/\/quantongfastener.com\/wp-content\/uploads\/2025\/07\/ISO-7379-Low-Head-Shoulder-Bolt-Screw-2-600x600.jpg 600w, https:\/\/quantongfastener.com\/wp-content\/uploads\/2025\/07\/ISO-7379-Low-Head-Shoulder-Bolt-Screw-2-100x100.jpg 100w\" sizes=\"(max-width: 610px) 100vw, 610px\" \/> <img decoding=\"async\" class=\"alignnone size-full wp-image-1584\" src=\"https:\/\/quantongfastener.com\/wp-content\/uploads\/2025\/07\/ISO-7379-Low-Head-Shoulder-Bolt-Screw-3.jpg\" alt=\"\" width=\"610\" height=\"610\" srcset=\"https:\/\/quantongfastener.com\/wp-content\/uploads\/2025\/07\/ISO-7379-Low-Head-Shoulder-Bolt-Screw-3.jpg 610w, https:\/\/quantongfastener.com\/wp-content\/uploads\/2025\/07\/ISO-7379-Low-Head-Shoulder-Bolt-Screw-3-300x300.jpg 300w, https:\/\/quantongfastener.com\/wp-content\/uploads\/2025\/07\/ISO-7379-Low-Head-Shoulder-Bolt-Screw-3-150x150.jpg 150w, https:\/\/quantongfastener.com\/wp-content\/uploads\/2025\/07\/ISO-7379-Low-Head-Shoulder-Bolt-Screw-3-12x12.jpg 12w, https:\/\/quantongfastener.com\/wp-content\/uploads\/2025\/07\/ISO-7379-Low-Head-Shoulder-Bolt-Screw-3-600x600.jpg 600w, https:\/\/quantongfastener.com\/wp-content\/uploads\/2025\/07\/ISO-7379-Low-Head-Shoulder-Bolt-Screw-3-100x100.jpg 100w\" sizes=\"(max-width: 610px) 100vw, 610px\" \/><\/p>\n<div class=\"table_wrap\">\n<table>\n<tbody>\n<tr>\n<td>\n<div>Produktname<\/div>\n<\/td>\n<td>\n<div>M8 M10 Grade 12..9 alloy steel hex socket shoulder bolt ISO7379<\/div>\n<\/td>\n<\/tr>\n<tr>\n<td>\n<div>Material<\/div>\n<\/td>\n<td>\n<div>alloy steel<\/div>\n<\/td>\n<\/tr>\n<tr>\n<td>\n<div>Farbe<\/div>\n<\/td>\n<td>\n<div>Silvery<\/div>\n<\/td>\n<\/tr>\n<tr>\n<td>\n<div>Standard<\/div>\n<\/td>\n<td>\n<div>DIN GB ISO JIS BA ANSI<\/div>\n<\/td>\n<\/tr>\n<tr>\n<td>\n<div>Klasse<\/div>\n<\/td>\n<td>\n<div>12.9<\/div>\n<\/td>\n<\/tr>\n<tr>\n<td>\n<div>Fertige<\/div>\n<\/td>\n<td>\n<div>plain<\/div>\n<\/td>\n<\/tr>\n<tr>\n<td>\n<div>Thema<\/div>\n<\/td>\n<td>\n<div>grob, fein<\/div>\n<\/td>\n<\/tr>\n<tr>\n<td>\n<div>Gebraucht<\/div>\n<\/td>\n<td>\n<div data-spm-anchor-id=\"a2700.details.0.i25.71b31e08cCG5Uq\">Maschinen f\u00fcr die Bauindustrie<\/div>\n<\/td>\n<\/tr>\n<\/tbody>\n<\/table>\n<\/div>\n<p><strong>Produktvorteile:<\/strong><\/p>\n<ol>\n<li><strong>Feinmechanische Bearbeitung<\/strong><\/li>\n<\/ol>\n<p align=\"justify\">\u2606 Messen und Bearbeiten mit Pr\u00e4zisionswerkzeugmaschinen und Messwerkzeugen unter streng kontrollierten Umweltbedingungen.<\/p>\n<p align=\"justify\"><strong>\u00a0\u00a0<\/strong>\u00a0 \u00a0 \u00a0 2.<strong>Hochwertiges Metallmaterial<\/strong><\/p>\n<p align=\"justify\">\u2606 Mit langer Lebensdauer, geringer W\u00e4rmeentwicklung, hoher H\u00e4rte, hoher Steifigkeit, geringem L\u00e4rm, hoher Verschlei\u00dffestigkeit und anderen Eigenschaften.<\/p>\n<p align=\"justify\"><strong>\u00a0 \u00a0 \u00a0 \u00a0\u00a0<\/strong>3.<strong>\u00a0Kosteng\u00fcnstig<\/strong><\/p>\n<p align=\"justify\">\u2606 Die Verwendung von hochwertigem Metallmaterial, nach der Pr\u00e4zisionsverarbeitung und Formgebung, verbessert die Benutzererfahrung erheblich.<\/p>\n<p><strong>Parameter des Produkts:<\/strong><\/p>\n<p><a href=\"https:\/\/www.cyfastener.com\/uploads\/759_zh.png\"><img decoding=\"async\" class=\"alignnone size-full wp-image-6790\" src=\"https:\/\/www.cyfastener.com\/uploads\/759_zh.png\" alt=\"759_zh\" \/><\/a><\/p>\n<div class=\"table_wrap\">\n<table border=\"0\" cellspacing=\"0\" cellpadding=\"0\">\n<colgroup>\n<col span=\"11\" width=\"64\" \/><\/colgroup>\n<tbody>\n<tr>\n<td colspan=\"4\" width=\"256\" height=\"19\">\u87ba\u7eb9\u5c3a\u5bf8<\/td>\n<td width=\"64\">M5<\/td>\n<td width=\"64\">M6<\/td>\n<td width=\"64\">M8<\/td>\n<td width=\"64\">M10<\/td>\n<td width=\"64\">M12<\/td>\n<td width=\"64\">M16<\/td>\n<td width=\"64\">M20<\/td>\n<\/tr>\n<tr>\n<td colspan=\"4\" width=\"256\" height=\"19\">d<\/td>\n<td><\/td>\n<td><\/td>\n<td><\/td>\n<td><\/td>\n<td><\/td>\n<td><\/td>\n<td><\/td>\n<\/tr>\n<tr>\n<td colspan=\"2\" height=\"19\">P<\/td>\n<td colspan=\"2\">Stellplatz<\/td>\n<td width=\"64\">0.8<\/td>\n<td width=\"64\">1<\/td>\n<td width=\"64\">1.25<\/td>\n<td width=\"64\">1.5<\/td>\n<td width=\"64\">1.75<\/td>\n<td width=\"64\">2<\/td>\n<td width=\"64\">2.5<\/td>\n<\/tr>\n<tr>\n<td colspan=\"2\" rowspan=\"3\" height=\"57\">d<sub>s<\/sub><\/td>\n<td colspan=\"2\">Nominell<\/td>\n<td width=\"64\">6.5<\/td>\n<td width=\"64\">8<\/td>\n<td width=\"64\">10<\/td>\n<td width=\"64\">13<\/td>\n<td width=\"64\">16<\/td>\n<td width=\"64\">20<\/td>\n<td width=\"64\">25<\/td>\n<\/tr>\n<tr>\n<td colspan=\"2\" height=\"19\">H\u00f6chstwert<\/td>\n<td width=\"64\">6.487<\/td>\n<td width=\"64\">7.987<\/td>\n<td width=\"64\">9.987<\/td>\n<td width=\"64\">12.984<\/td>\n<td width=\"64\">15.984<\/td>\n<td width=\"64\">19.98<\/td>\n<td width=\"64\">24.98<\/td>\n<\/tr>\n<tr>\n<td colspan=\"2\" height=\"19\">Minimum<\/td>\n<td width=\"64\">6.451<\/td>\n<td width=\"64\">7.951<\/td>\n<td width=\"64\">9.951<\/td>\n<td width=\"64\">12.941<\/td>\n<td width=\"64\">15.941<\/td>\n<td width=\"64\">19.928<\/td>\n<td width=\"64\">24.928<\/td>\n<\/tr>\n<tr>\n<td colspan=\"2\" rowspan=\"2\" height=\"38\">b<\/td>\n<td colspan=\"2\">H\u00f6chstwert<\/td>\n<td width=\"64\">9.75<\/td>\n<td width=\"64\">11.25<\/td>\n<td width=\"64\">13.25<\/td>\n<td width=\"64\">16.4<\/td>\n<td width=\"64\">18.4<\/td>\n<td width=\"64\">22.4<\/td>\n<td width=\"64\">27.4<\/td>\n<\/tr>\n<tr>\n<td colspan=\"2\" height=\"19\">Minimum<\/td>\n<td width=\"64\">9.25<\/td>\n<td width=\"64\">10.75<\/td>\n<td width=\"64\">12.75<\/td>\n<td width=\"64\">15.6<\/td>\n<td width=\"64\">17.6<\/td>\n<td width=\"64\">21.6<\/td>\n<td width=\"64\">26.6<\/td>\n<\/tr>\n<tr>\n<td colspan=\"2\" rowspan=\"3\" height=\"57\">d<sub>k<\/sub><\/td>\n<td>short hair<\/td>\n<td>H\u00f6chstwert<\/td>\n<td width=\"64\">10<\/td>\n<td width=\"64\">13<\/td>\n<td width=\"64\">16<\/td>\n<td width=\"64\">18<\/td>\n<td width=\"64\">24<\/td>\n<td width=\"64\">30<\/td>\n<td width=\"64\">36<\/td>\n<\/tr>\n<tr>\n<td height=\"19\">knurled head<\/td>\n<td>H\u00f6chstwert<\/td>\n<td width=\"64\">10.22<\/td>\n<td width=\"64\">13.27<\/td>\n<td width=\"64\">16.27<\/td>\n<td width=\"64\">18.27<\/td>\n<td width=\"64\">24.33<\/td>\n<td width=\"64\">30.33<\/td>\n<td width=\"64\">36.39<\/td>\n<\/tr>\n<tr>\n<td colspan=\"2\" height=\"19\">Minimum<\/td>\n<td width=\"64\">9.78<\/td>\n<td width=\"64\">12.73<\/td>\n<td width=\"64\">15.73<\/td>\n<td width=\"64\">17.73<\/td>\n<td width=\"64\">23.67<\/td>\n<td width=\"64\">29.67<\/td>\n<td width=\"64\">35.61<\/td>\n<\/tr>\n<tr>\n<td colspan=\"2\" rowspan=\"2\" height=\"38\">k<\/td>\n<td colspan=\"2\">H\u00f6chstwert<\/td>\n<td width=\"64\">4.5<\/td>\n<td width=\"64\">5.5<\/td>\n<td width=\"64\">7<\/td>\n<td width=\"64\">9<\/td>\n<td width=\"64\">11<\/td>\n<td width=\"64\">14<\/td>\n<td width=\"64\">16<\/td>\n<\/tr>\n<tr>\n<td colspan=\"2\" height=\"19\">Minimum<\/td>\n<td width=\"64\">4.32<\/td>\n<td width=\"64\">5.32<\/td>\n<td width=\"64\">6.78<\/td>\n<td width=\"64\">8.78<\/td>\n<td width=\"64\">10.73<\/td>\n<td width=\"64\">13.73<\/td>\n<td width=\"64\">15.73<\/td>\n<\/tr>\n<tr>\n<td colspan=\"2\" rowspan=\"3\" height=\"57\">s<\/td>\n<td colspan=\"2\">Nominell<\/td>\n<td width=\"64\">3<\/td>\n<td width=\"64\">4<\/td>\n<td width=\"64\">5<\/td>\n<td width=\"64\">6<\/td>\n<td width=\"64\">8<\/td>\n<td width=\"64\">10<\/td>\n<td width=\"64\">12<\/td>\n<\/tr>\n<tr>\n<td colspan=\"2\" height=\"19\">H\u00f6chstwert<\/td>\n<td width=\"64\">3.08<\/td>\n<td width=\"64\">4.095<\/td>\n<td width=\"64\">5.095<\/td>\n<td width=\"64\">6.095<\/td>\n<td width=\"64\">8.115<\/td>\n<td width=\"64\">10.115<\/td>\n<td width=\"64\">12.142<\/td>\n<\/tr>\n<tr>\n<td colspan=\"2\" height=\"19\">Minimum<\/td>\n<td width=\"64\">3.02<\/td>\n<td width=\"64\">4.02<\/td>\n<td width=\"64\">5.02<\/td>\n<td width=\"64\">6.02<\/td>\n<td width=\"64\">8.025<\/td>\n<td width=\"64\">10.025<\/td>\n<td width=\"64\">12.032<\/td>\n<\/tr>\n<tr>\n<td colspan=\"2\" height=\"19\">t<\/td>\n<td colspan=\"2\">Minimum<\/td>\n<td width=\"64\">2.4<\/td>\n<td width=\"64\">3.3<\/td>\n<td width=\"64\">4.2<\/td>\n<td width=\"64\">4.9<\/td>\n<td width=\"64\">6.6<\/td>\n<td width=\"64\">8.8<\/td>\n<td width=\"64\">10<\/td>\n<\/tr>\n<tr>\n<td colspan=\"2\" height=\"21\">g<sub>1<\/sub><\/td>\n<td colspan=\"2\">H\u00f6chstwert<\/td>\n<td width=\"64\">2.5<\/td>\n<td width=\"64\">2.5<\/td>\n<td width=\"64\">2.5<\/td>\n<td width=\"64\">2.5<\/td>\n<td width=\"64\">2.5<\/td>\n<td width=\"64\">2.5<\/td>\n<td width=\"64\">3<\/td>\n<\/tr>\n<tr>\n<td colspan=\"2\" height=\"21\">g<sub>2<\/sub><\/td>\n<td colspan=\"2\">H\u00f6chstwert<\/td>\n<td width=\"64\">2<\/td>\n<td width=\"64\">2.5<\/td>\n<td width=\"64\">3.1<\/td>\n<td width=\"64\">3.7<\/td>\n<td width=\"64\">4.4<\/td>\n<td width=\"64\">5<\/td>\n<td width=\"64\">6.3<\/td>\n<\/tr>\n<tr>\n<td colspan=\"2\" rowspan=\"2\" height=\"38\">d<sub>s1<\/sub><\/td>\n<td colspan=\"2\">H\u00f6chstwert<\/td>\n<td width=\"64\">3.86<\/td>\n<td width=\"64\">4.58<\/td>\n<td width=\"64\">6.25<\/td>\n<td width=\"64\">7.91<\/td>\n<td width=\"64\">9.57<\/td>\n<td width=\"64\">13.33<\/td>\n<td width=\"64\">16.57<\/td>\n<\/tr>\n<tr>\n<td colspan=\"2\" height=\"19\">Minimum<\/td>\n<td width=\"64\">3.68<\/td>\n<td width=\"64\">4.4<\/td>\n<td width=\"64\">6.03<\/td>\n<td width=\"64\">7.69<\/td>\n<td width=\"64\">9.35<\/td>\n<td width=\"64\">12.96<\/td>\n<td width=\"64\">16.3<\/td>\n<\/tr>\n<tr>\n<td colspan=\"2\" height=\"19\">e<\/td>\n<td colspan=\"2\">Minimum<\/td>\n<td width=\"64\">3.44<\/td>\n<td width=\"64\">4.58<\/td>\n<td width=\"64\">5.72<\/td>\n<td width=\"64\">6.86<\/td>\n<td width=\"64\">9.15<\/td>\n<td width=\"64\">11.43<\/td>\n<td width=\"64\">13.72<\/td>\n<\/tr>\n<tr>\n<td colspan=\"2\" height=\"19\">r<\/td>\n<td colspan=\"2\">Minimum<\/td>\n<td width=\"64\">0.25<\/td>\n<td width=\"64\">0.4<\/td>\n<td width=\"64\">0.6<\/td>\n<td width=\"64\">0.6<\/td>\n<td width=\"64\">0.6<\/td>\n<td width=\"64\">0.8<\/td>\n<td width=\"64\">0.8<\/td>\n<\/tr>\n<tr>\n<td colspan=\"4\" width=\"256\" height=\"58\">Tausend St\u00fcck Stahl Gewicht\u2248kg<\/td>\n<td width=\"64\">&#8211;<\/td>\n<td width=\"64\">&#8211;<\/td>\n<td width=\"64\">&#8211;<\/td>\n<td width=\"64\">&#8211;<\/td>\n<td width=\"64\">&#8211;<\/td>\n<td width=\"64\">&#8211;<\/td>\n<td width=\"64\">&#8211;<\/td>\n<\/tr>\n<\/tbody>\n<\/table>\n<\/div>\n<p align=\"justify\">","protected":false},"excerpt":{"rendered":"<p>ABW-PREIS: 720USD-910USD\/TONNE<br \/>\nMin.Bestellmenge:2Tonnen<br \/>\nVERPACKUNG: BEUTEL\/KARTON MIT PALETTE<br \/>\nHAFEN:TIANJIN\/QINGDAO\/SHANGHAI\/NINGBO<br \/>\nLIEFERUNG:5-30 TAGE JE NACH MENGE<br \/>\nBEZAHLUNG:T\/T\/LC<br \/>\nLieferf\u00e4higkeit:600 TONNEN PRO MONAT<\/p>\n<p>&nbsp;<\/p>\n<ul>\n<li><em>FOB-Preis:<\/em>US $0.5 - 9,999 \/ St\u00fcck<\/li>\n<li><em>Mindestbestellmenge:<\/em>100 St\u00fcck\/St\u00fcck<\/li>\n<li><em>Lieferf\u00e4higkeit:<\/em>10000 St\u00fcck\/St\u00fcck pro Monat<\/li>\n<\/ul>","protected":false},"featured_media":1582,"template":"","meta":{"_kad_post_transparent":"default","_kad_post_title":"","_kad_post_layout":"default","_kad_post_sidebar_id":"","_kad_post_content_style":"default","_kad_post_vertical_padding":"default","_kad_post_feature":"","_kad_post_feature_position":"","_kad_post_header":false,"_kad_post_footer":false},"product_brand":[],"product_cat":[28],"product_tag":[],"class_list":{"0":"post-1581","1":"product","2":"type-product","3":"status-publish","4":"has-post-thumbnail","6":"product_cat-bolt","8":"first","9":"instock","10":"shipping-taxable","11":"product-type-simple","12":"entry","13":"content-bg","14":"loop-entry"},"yoast_head":"<!-- This site is optimized with the Yoast SEO plugin v27.4 - https:\/\/yoast.com\/product\/yoast-seo-wordpress\/ -->\n<title>ISO 7379 Low Head Shoulder Bolt Screw - Quantong Fastener<\/title>\n<meta name=\"robots\" content=\"index, follow, max-snippet:-1, max-image-preview:large, max-video-preview:-1\" \/>\n<link rel=\"canonical\" href=\"https:\/\/quantongfastener.com\/de\/produkt\/iso-7379-low-head-shoulder-bolt-screw\/\" \/>\n<meta property=\"og:locale\" content=\"de_DE\" \/>\n<meta property=\"og:type\" content=\"article\" \/>\n<meta property=\"og:title\" content=\"ISO 7379 Low Head Shoulder Bolt Screw - Quantong Fastener\" \/>\n<meta property=\"og:description\" content=\"EXW PRICE : 720USD-910USD\/TON Min.Order Quantity:2TONS PACKAGING:BAG\/BOX WITH PALLET PORT:TIANJIN\/QINGDAO\/SHANGHAI\/NINGBO DELIVERY:5-30DAYS ON QTY PAYMENT:T\/T\/LC Supply Ability:600 TON PER MONTH  &nbsp;   FOB Price:US $0.5 - 9,999 \/ Piece  Min.Order Quantity:100 Piece\/Pieces  Supply Ability:10000 Piece\/Pieces per Month\" \/>\n<meta property=\"og:url\" content=\"https:\/\/quantongfastener.com\/de\/produkt\/iso-7379-low-head-shoulder-bolt-screw\/\" \/>\n<meta property=\"og:site_name\" content=\"Quantong Fastener\" \/>\n<meta property=\"og:image\" content=\"https:\/\/quantongfastener.com\/wp-content\/uploads\/2025\/07\/ISO-7379-Low-Head-Shoulder-Bolt-Screw-1.jpg\" \/>\n\t<meta property=\"og:image:width\" content=\"610\" \/>\n\t<meta property=\"og:image:height\" content=\"610\" \/>\n\t<meta property=\"og:image:type\" content=\"image\/jpeg\" \/>\n<meta name=\"twitter:card\" content=\"summary_large_image\" \/>\n<meta name=\"twitter:label1\" content=\"Gesch\u00e4tzte Lesezeit\" \/>\n\t<meta name=\"twitter:data1\" content=\"3\u00a0Minuten\" \/>\n<script type=\"application\/ld+json\" class=\"yoast-schema-graph\">{\"@context\":\"https:\\\/\\\/schema.org\",\"@graph\":[{\"@type\":\"WebPage\",\"@id\":\"https:\\\/\\\/quantongfastener.com\\\/product\\\/iso-7379-low-head-shoulder-bolt-screw\\\/\",\"url\":\"https:\\\/\\\/quantongfastener.com\\\/product\\\/iso-7379-low-head-shoulder-bolt-screw\\\/\",\"name\":\"ISO 7379 Low Head Shoulder Bolt Screw - Quantong Fastener\",\"isPartOf\":{\"@id\":\"https:\\\/\\\/quantongfastener.com\\\/#website\"},\"primaryImageOfPage\":{\"@id\":\"https:\\\/\\\/quantongfastener.com\\\/product\\\/iso-7379-low-head-shoulder-bolt-screw\\\/#primaryimage\"},\"image\":{\"@id\":\"https:\\\/\\\/quantongfastener.com\\\/product\\\/iso-7379-low-head-shoulder-bolt-screw\\\/#primaryimage\"},\"thumbnailUrl\":\"https:\\\/\\\/quantongfastener.com\\\/wp-content\\\/uploads\\\/2025\\\/07\\\/ISO-7379-Low-Head-Shoulder-Bolt-Screw-1.jpg\",\"datePublished\":\"2025-07-29T16:03:39+00:00\",\"breadcrumb\":{\"@id\":\"https:\\\/\\\/quantongfastener.com\\\/product\\\/iso-7379-low-head-shoulder-bolt-screw\\\/#breadcrumb\"},\"inLanguage\":\"de\",\"potentialAction\":[{\"@type\":\"ReadAction\",\"target\":[\"https:\\\/\\\/quantongfastener.com\\\/product\\\/iso-7379-low-head-shoulder-bolt-screw\\\/\"]}]},{\"@type\":\"ImageObject\",\"inLanguage\":\"de\",\"@id\":\"https:\\\/\\\/quantongfastener.com\\\/product\\\/iso-7379-low-head-shoulder-bolt-screw\\\/#primaryimage\",\"url\":\"https:\\\/\\\/quantongfastener.com\\\/wp-content\\\/uploads\\\/2025\\\/07\\\/ISO-7379-Low-Head-Shoulder-Bolt-Screw-1.jpg\",\"contentUrl\":\"https:\\\/\\\/quantongfastener.com\\\/wp-content\\\/uploads\\\/2025\\\/07\\\/ISO-7379-Low-Head-Shoulder-Bolt-Screw-1.jpg\",\"width\":610,\"height\":610},{\"@type\":\"BreadcrumbList\",\"@id\":\"https:\\\/\\\/quantongfastener.com\\\/product\\\/iso-7379-low-head-shoulder-bolt-screw\\\/#breadcrumb\",\"itemListElement\":[{\"@type\":\"ListItem\",\"position\":1,\"name\":\"Home\",\"item\":\"https:\\\/\\\/quantongfastener.com\\\/\"},{\"@type\":\"ListItem\",\"position\":2,\"name\":\"Products\",\"item\":\"https:\\\/\\\/quantongfastener.com\\\/products\\\/\"},{\"@type\":\"ListItem\",\"position\":3,\"name\":\"ISO 7379 Low Head Shoulder Bolt Screw\"}]},{\"@type\":\"WebSite\",\"@id\":\"https:\\\/\\\/quantongfastener.com\\\/#website\",\"url\":\"https:\\\/\\\/quantongfastener.com\\\/\",\"name\":\"Quantong Fastener\",\"description\":\"\",\"publisher\":{\"@id\":\"https:\\\/\\\/quantongfastener.com\\\/#organization\"},\"potentialAction\":[{\"@type\":\"SearchAction\",\"target\":{\"@type\":\"EntryPoint\",\"urlTemplate\":\"https:\\\/\\\/quantongfastener.com\\\/?s={search_term_string}\"},\"query-input\":{\"@type\":\"PropertyValueSpecification\",\"valueRequired\":true,\"valueName\":\"search_term_string\"}}],\"inLanguage\":\"de\"},{\"@type\":\"Organization\",\"@id\":\"https:\\\/\\\/quantongfastener.com\\\/#organization\",\"name\":\"Quantong Fastener\",\"url\":\"https:\\\/\\\/quantongfastener.com\\\/\",\"logo\":{\"@type\":\"ImageObject\",\"inLanguage\":\"de\",\"@id\":\"https:\\\/\\\/quantongfastener.com\\\/#\\\/schema\\\/logo\\\/image\\\/\",\"url\":\"https:\\\/\\\/quantongfastener.com\\\/wp-content\\\/uploads\\\/2025\\\/07\\\/logo.jpg\",\"contentUrl\":\"https:\\\/\\\/quantongfastener.com\\\/wp-content\\\/uploads\\\/2025\\\/07\\\/logo.jpg\",\"width\":425,\"height\":424,\"caption\":\"Quantong Fastener\"},\"image\":{\"@id\":\"https:\\\/\\\/quantongfastener.com\\\/#\\\/schema\\\/logo\\\/image\\\/\"}}]}<\/script>\n<!-- \/ Yoast SEO plugin. -->","yoast_head_json":{"title":"ISO 7379 Low Head Shoulder Bolt Screw - Quantong Fastener","robots":{"index":"index","follow":"follow","max-snippet":"max-snippet:-1","max-image-preview":"max-image-preview:large","max-video-preview":"max-video-preview:-1"},"canonical":"https:\/\/quantongfastener.com\/de\/produkt\/iso-7379-low-head-shoulder-bolt-screw\/","og_locale":"de_DE","og_type":"article","og_title":"ISO 7379 Low Head Shoulder Bolt Screw - Quantong Fastener","og_description":"EXW PRICE : 720USD-910USD\/TON Min.Order Quantity:2TONS PACKAGING:BAG\/BOX WITH PALLET PORT:TIANJIN\/QINGDAO\/SHANGHAI\/NINGBO DELIVERY:5-30DAYS ON QTY PAYMENT:T\/T\/LC Supply Ability:600 TON PER MONTH  &nbsp;   FOB Price:US $0.5 - 9,999 \/ Piece  Min.Order Quantity:100 Piece\/Pieces  Supply Ability:10000 Piece\/Pieces per Month","og_url":"https:\/\/quantongfastener.com\/de\/produkt\/iso-7379-low-head-shoulder-bolt-screw\/","og_site_name":"Quantong Fastener","og_image":[{"width":610,"height":610,"url":"https:\/\/quantongfastener.com\/wp-content\/uploads\/2025\/07\/ISO-7379-Low-Head-Shoulder-Bolt-Screw-1.jpg","type":"image\/jpeg"}],"twitter_card":"summary_large_image","twitter_misc":{"Gesch\u00e4tzte Lesezeit":"3\u00a0Minuten"},"schema":{"@context":"https:\/\/schema.org","@graph":[{"@type":"WebPage","@id":"https:\/\/quantongfastener.com\/product\/iso-7379-low-head-shoulder-bolt-screw\/","url":"https:\/\/quantongfastener.com\/product\/iso-7379-low-head-shoulder-bolt-screw\/","name":"ISO 7379 Low Head Shoulder Bolt Screw - Quantong Fastener","isPartOf":{"@id":"https:\/\/quantongfastener.com\/#website"},"primaryImageOfPage":{"@id":"https:\/\/quantongfastener.com\/product\/iso-7379-low-head-shoulder-bolt-screw\/#primaryimage"},"image":{"@id":"https:\/\/quantongfastener.com\/product\/iso-7379-low-head-shoulder-bolt-screw\/#primaryimage"},"thumbnailUrl":"https:\/\/quantongfastener.com\/wp-content\/uploads\/2025\/07\/ISO-7379-Low-Head-Shoulder-Bolt-Screw-1.jpg","datePublished":"2025-07-29T16:03:39+00:00","breadcrumb":{"@id":"https:\/\/quantongfastener.com\/product\/iso-7379-low-head-shoulder-bolt-screw\/#breadcrumb"},"inLanguage":"de","potentialAction":[{"@type":"ReadAction","target":["https:\/\/quantongfastener.com\/product\/iso-7379-low-head-shoulder-bolt-screw\/"]}]},{"@type":"ImageObject","inLanguage":"de","@id":"https:\/\/quantongfastener.com\/product\/iso-7379-low-head-shoulder-bolt-screw\/#primaryimage","url":"https:\/\/quantongfastener.com\/wp-content\/uploads\/2025\/07\/ISO-7379-Low-Head-Shoulder-Bolt-Screw-1.jpg","contentUrl":"https:\/\/quantongfastener.com\/wp-content\/uploads\/2025\/07\/ISO-7379-Low-Head-Shoulder-Bolt-Screw-1.jpg","width":610,"height":610},{"@type":"BreadcrumbList","@id":"https:\/\/quantongfastener.com\/product\/iso-7379-low-head-shoulder-bolt-screw\/#breadcrumb","itemListElement":[{"@type":"ListItem","position":1,"name":"Home","item":"https:\/\/quantongfastener.com\/"},{"@type":"ListItem","position":2,"name":"Products","item":"https:\/\/quantongfastener.com\/products\/"},{"@type":"ListItem","position":3,"name":"ISO 7379 Low Head Shoulder Bolt Screw"}]},{"@type":"WebSite","@id":"https:\/\/quantongfastener.com\/#website","url":"https:\/\/quantongfastener.com\/","name":"Quantong-Verschluss","description":"","publisher":{"@id":"https:\/\/quantongfastener.com\/#organization"},"potentialAction":[{"@type":"SearchAction","target":{"@type":"EntryPoint","urlTemplate":"https:\/\/quantongfastener.com\/?s={search_term_string}"},"query-input":{"@type":"PropertyValueSpecification","valueRequired":true,"valueName":"search_term_string"}}],"inLanguage":"de"},{"@type":"Organization","@id":"https:\/\/quantongfastener.com\/#organization","name":"Quantong-Verschluss","url":"https:\/\/quantongfastener.com\/","logo":{"@type":"ImageObject","inLanguage":"de","@id":"https:\/\/quantongfastener.com\/#\/schema\/logo\/image\/","url":"https:\/\/quantongfastener.com\/wp-content\/uploads\/2025\/07\/logo.jpg","contentUrl":"https:\/\/quantongfastener.com\/wp-content\/uploads\/2025\/07\/logo.jpg","width":425,"height":424,"caption":"Quantong Fastener"},"image":{"@id":"https:\/\/quantongfastener.com\/#\/schema\/logo\/image\/"}}]}},"_links":{"self":[{"href":"https:\/\/quantongfastener.com\/de\/wp-json\/wp\/v2\/product\/1581","targetHints":{"allow":["GET"]}}],"collection":[{"href":"https:\/\/quantongfastener.com\/de\/wp-json\/wp\/v2\/product"}],"about":[{"href":"https:\/\/quantongfastener.com\/de\/wp-json\/wp\/v2\/types\/product"}],"wp:featuredmedia":[{"embeddable":true,"href":"https:\/\/quantongfastener.com\/de\/wp-json\/wp\/v2\/media\/1582"}],"wp:attachment":[{"href":"https:\/\/quantongfastener.com\/de\/wp-json\/wp\/v2\/media?parent=1581"}],"wp:term":[{"taxonomy":"product_brand","embeddable":true,"href":"https:\/\/quantongfastener.com\/de\/wp-json\/wp\/v2\/product_brand?post=1581"},{"taxonomy":"product_cat","embeddable":true,"href":"https:\/\/quantongfastener.com\/de\/wp-json\/wp\/v2\/product_cat?post=1581"},{"taxonomy":"product_tag","embeddable":true,"href":"https:\/\/quantongfastener.com\/de\/wp-json\/wp\/v2\/product_tag?post=1581"}],"curies":[{"name":"wp","href":"https:\/\/api.w.org\/{rel}","templated":true}]}}