{"id":1574,"date":"2025-07-29T16:00:14","date_gmt":"2025-07-29T16:00:14","guid":{"rendered":"https:\/\/quantongfastener.com\/?post_type=product&#038;p=1574"},"modified":"2025-07-29T16:00:14","modified_gmt":"2025-07-29T16:00:14","slug":"din316-carbon-steel-stainless-steel-butterfly-bolt-wing-bolt-thumb-wing-screw","status":"publish","type":"product","link":"https:\/\/quantongfastener.com\/de\/produkt\/din316-carbon-steel-stainless-steel-butterfly-bolt-wing-bolt-thumb-wing-screw\/","title":{"rendered":"DIN316 Kohlenstoffstahl Edelstahl Fl\u00fcgelschraube Fl\u00fcgelschraube Fl\u00fcgelschraube"},"content":{"rendered":"<p><strong>Beschreibung des Produkts:<\/strong><\/p>\n<div class=\"table_wrap\">\n<table>\n<tbody>\n<tr>\n<td colspan=\"1\" rowspan=\"1\">\n<div>Produktname<\/div>\n<\/td>\n<td colspan=\"3\" rowspan=\"1\">\n<div>Fl\u00fcgelbolzen DIN316<\/div>\n<\/td>\n<\/tr>\n<tr>\n<td colspan=\"1\" rowspan=\"1\">\n<div>Gr\u00f6\u00dfe<\/div>\n<\/td>\n<td colspan=\"3\" rowspan=\"1\">\n<div>M6-M64<\/div>\n<\/td>\n<\/tr>\n<tr>\n<td colspan=\"1\" rowspan=\"1\">\n<div>Material<\/div>\n<\/td>\n<td colspan=\"3\" rowspan=\"1\">\n<div>Kohlenstoffstahl, Edelstahl, Messing, etc.<\/div>\n<\/td>\n<\/tr>\n<tr>\n<td colspan=\"1\" rowspan=\"1\">\n<div>Oberfl\u00e4chenbehandlung<\/div>\n<\/td>\n<td colspan=\"3\" rowspan=\"1\">\n<div>Glatt, schwarz, verzinkt\/nach Ihren Anforderungen<\/div>\n<\/td>\n<\/tr>\n<tr>\n<td colspan=\"1\" rowspan=\"1\">\n<div>Standard<\/div>\n<\/td>\n<td colspan=\"3\" rowspan=\"1\">\n<div>DIN GB ISO JIS BA ANSI<\/div>\n<\/td>\n<\/tr>\n<tr>\n<td colspan=\"1\" rowspan=\"1\">\n<div>Klasse<\/div>\n<\/td>\n<td colspan=\"3\" rowspan=\"1\">\n<div>SUS201, SUS304, SUS316, A2-70, A2-80, A4-80, 4,8 6,8 8,8 10,9 12,9<\/div>\n<\/td>\n<\/tr>\n<tr>\n<td colspan=\"1\" rowspan=\"1\">\n<div>Qualit\u00e4tspolitik<\/div>\n<\/td>\n<td colspan=\"3\" rowspan=\"1\">\n<div>Alle Teile hergestellt 100% Inspektion von OQC vor dem Versand.<\/div>\n<\/td>\n<\/tr>\n<tr>\n<td colspan=\"1\" rowspan=\"1\">\n<div>Thema<\/div>\n<\/td>\n<td colspan=\"3\" rowspan=\"1\">\n<div>Grob, fein<\/div>\n<\/td>\n<\/tr>\n<tr>\n<td colspan=\"1\" rowspan=\"1\">\n<div>Gebraucht<\/div>\n<\/td>\n<td colspan=\"3\" rowspan=\"1\">\n<div>Maschinen f\u00fcr die Bauindustrie, usw.<\/div>\n<\/td>\n<\/tr>\n<tr>\n<td colspan=\"1\" rowspan=\"1\">\n<div>Nicht-Standards<\/div>\n<\/td>\n<td colspan=\"3\" rowspan=\"1\">\n<div data-spm-anchor-id=\"a2700.wholesale.0.i31.b6c22d8fTx4CGn\">OEM ist verf\u00fcgbar, nach Zeichnung oder Muster<\/div>\n<\/td>\n<\/tr>\n<\/tbody>\n<\/table>\n<\/div>\n<p><strong>Produktvorteile:<\/strong><\/p>\n<ol>\n<li><strong>Feinmechanische Bearbeitung<\/strong><\/li>\n<\/ol>\n<p align=\"justify\">\u2606 Messen und Bearbeiten mit Pr\u00e4zisionswerkzeugmaschinen und Messwerkzeugen unter streng kontrollierten Umweltbedingungen.<\/p>\n<p align=\"justify\"><strong>\u00a0\u00a0<\/strong>\u00a0 \u00a0 \u00a0 2.<strong>Hochwertiges Metallmaterial<\/strong><\/p>\n<p align=\"justify\">\u2606 Mit langer Lebensdauer, geringer W\u00e4rmeentwicklung, hoher H\u00e4rte, hoher Steifigkeit, geringem L\u00e4rm, hoher Verschlei\u00dffestigkeit und anderen Eigenschaften.<\/p>\n<p align=\"justify\"><strong>\u00a0 \u00a0 \u00a0 \u00a0\u00a0<\/strong>3.<strong>\u00a0Kosteng\u00fcnstig<\/strong><\/p>\n<p align=\"justify\">\u2606 Die Verwendung von hochwertigem Metallmaterial, nach der Pr\u00e4zisionsverarbeitung und Formgebung, verbessert die Benutzererfahrung erheblich.<\/p>\n<p><strong>Parameter des Produkts:<\/strong><\/p>\n<p><a href=\"https:\/\/www.cyfastener.com\/uploads\/1589005973597704016m.jpg\"><img decoding=\"async\" class=\"alignnone size-full wp-image-6779\" src=\"https:\/\/www.cyfastener.com\/uploads\/1589005973597704016m.jpg\" alt=\"1589005973597704016m\" \/><\/a><\/p>\n<div class=\"table_wrap\">\n<table border=\"0\" cellspacing=\"0\" cellpadding=\"0\">\n<colgroup>\n<col span=\"11\" width=\"64\" \/><\/colgroup>\n<tbody>\n<tr>\n<td colspan=\"2\" width=\"128\" height=\"19\">Gewindegr\u00f6\u00dfe<\/td>\n<td rowspan=\"2\" width=\"64\"><a>M4<\/a><\/td>\n<td rowspan=\"2\" width=\"64\"><a>M5<\/a><\/td>\n<td rowspan=\"2\" width=\"64\"><a>M6<\/a><\/td>\n<td rowspan=\"2\" width=\"64\"><a>M8<\/a><\/td>\n<td rowspan=\"2\" width=\"64\"><a>M10<\/a><\/td>\n<td rowspan=\"2\" width=\"64\"><a>M12<\/a><\/td>\n<td rowspan=\"2\" width=\"64\"><a>M16<\/a><\/td>\n<td rowspan=\"2\" width=\"64\"><a>M20<\/a><\/td>\n<td rowspan=\"2\" width=\"64\"><a>M24<\/a><\/td>\n<\/tr>\n<tr>\n<td colspan=\"2\" width=\"128\" height=\"19\">d<\/td>\n<\/tr>\n<tr>\n<td height=\"19\">P<\/td>\n<td>Stellplatz<\/td>\n<td width=\"64\">0.7<\/td>\n<td width=\"64\">0.8<\/td>\n<td width=\"64\">1<\/td>\n<td width=\"64\">1.25<\/td>\n<td width=\"64\">1.5<\/td>\n<td width=\"64\">1.75<\/td>\n<td width=\"64\">2<\/td>\n<td width=\"64\">2.5<\/td>\n<td width=\"64\">3<\/td>\n<\/tr>\n<tr>\n<td rowspan=\"2\" height=\"38\">d<sub>k<\/sub><\/td>\n<td id=\"id1\">Maximum<\/td>\n<td width=\"64\">8<\/td>\n<td width=\"64\">11<\/td>\n<td width=\"64\">13<\/td>\n<td width=\"64\">16<\/td>\n<td width=\"64\">20<\/td>\n<td width=\"64\">23<\/td>\n<td width=\"64\">29<\/td>\n<td width=\"64\">35<\/td>\n<td width=\"64\">44<\/td>\n<\/tr>\n<tr>\n<td height=\"19\">Mindestwert<\/td>\n<td width=\"64\">6<\/td>\n<td width=\"64\">8<\/td>\n<td width=\"64\">10<\/td>\n<td width=\"64\">13<\/td>\n<td width=\"64\">17<\/td>\n<td width=\"64\">20<\/td>\n<td width=\"64\">26<\/td>\n<td width=\"64\">32<\/td>\n<td width=\"64\">41<\/td>\n<\/tr>\n<tr>\n<td rowspan=\"2\" height=\"38\">d<sub>3<\/sub><\/td>\n<td id=\"id1\">Maximum<\/td>\n<td width=\"64\">7<\/td>\n<td width=\"64\">9<\/td>\n<td width=\"64\">11<\/td>\n<td width=\"64\">12.5<\/td>\n<td width=\"64\">16.5<\/td>\n<td width=\"64\">19.5<\/td>\n<td width=\"64\">23<\/td>\n<td width=\"64\">29<\/td>\n<td width=\"64\">37.5<\/td>\n<\/tr>\n<tr>\n<td height=\"19\">Mindestwert<\/td>\n<td width=\"64\">5.5<\/td>\n<td width=\"64\">7.5<\/td>\n<td width=\"64\">9<\/td>\n<td width=\"64\">10.5<\/td>\n<td width=\"64\">14.5<\/td>\n<td width=\"64\">17.5<\/td>\n<td width=\"64\">21<\/td>\n<td width=\"64\">27<\/td>\n<td width=\"64\">35<\/td>\n<\/tr>\n<tr>\n<td rowspan=\"2\" height=\"38\">n<\/td>\n<td id=\"id1\">Maximum<\/td>\n<td width=\"64\">20<\/td>\n<td width=\"64\">26<\/td>\n<td width=\"64\">33<\/td>\n<td width=\"64\">39<\/td>\n<td width=\"64\">51<\/td>\n<td width=\"64\">65<\/td>\n<td width=\"64\">73<\/td>\n<td width=\"64\">90<\/td>\n<td width=\"64\">110<\/td>\n<\/tr>\n<tr>\n<td height=\"19\">Mindestwert<\/td>\n<td width=\"64\">18<\/td>\n<td width=\"64\">24<\/td>\n<td width=\"64\">30<\/td>\n<td width=\"64\">36<\/td>\n<td width=\"64\">48<\/td>\n<td width=\"64\">62<\/td>\n<td width=\"64\">70<\/td>\n<td width=\"64\">86<\/td>\n<td width=\"64\">106<\/td>\n<\/tr>\n<tr>\n<td rowspan=\"2\" height=\"38\">h<sub>1<\/sub><\/td>\n<td id=\"id1\">Maximum<\/td>\n<td width=\"64\">1.9<\/td>\n<td width=\"64\">2.3<\/td>\n<td width=\"64\">2.3<\/td>\n<td width=\"64\">2.8<\/td>\n<td width=\"64\">4.4<\/td>\n<td width=\"64\">4.9<\/td>\n<td width=\"64\">6.4<\/td>\n<td width=\"64\">6.9<\/td>\n<td width=\"64\">9.4<\/td>\n<\/tr>\n<tr>\n<td height=\"19\">Mindestwert<\/td>\n<td width=\"64\">1.1<\/td>\n<td width=\"64\">1.5<\/td>\n<td width=\"64\">1.5<\/td>\n<td width=\"64\">2<\/td>\n<td width=\"64\">3.6<\/td>\n<td width=\"64\">4.1<\/td>\n<td width=\"64\">5.6<\/td>\n<td width=\"64\">6.1<\/td>\n<td width=\"64\">8.6<\/td>\n<\/tr>\n<tr>\n<td rowspan=\"2\" height=\"38\">h<sub>2<\/sub><\/td>\n<td id=\"id1\">Maximum<\/td>\n<td width=\"64\">2.3<\/td>\n<td width=\"64\">2.8<\/td>\n<td width=\"64\">3.3<\/td>\n<td width=\"64\">4.4<\/td>\n<td width=\"64\">5.4<\/td>\n<td width=\"64\">6.4<\/td>\n<td width=\"64\">7.5<\/td>\n<td width=\"64\">8<\/td>\n<td width=\"64\">10.5<\/td>\n<\/tr>\n<tr>\n<td height=\"19\">Mindestwert<\/td>\n<td width=\"64\">1.7<\/td>\n<td width=\"64\">2.3<\/td>\n<td width=\"64\">2.7<\/td>\n<td width=\"64\">3.6<\/td>\n<td width=\"64\">4.6<\/td>\n<td width=\"64\">5.6<\/td>\n<td width=\"64\">6.5<\/td>\n<td width=\"64\">7<\/td>\n<td width=\"64\">9.5<\/td>\n<\/tr>\n<tr>\n<td rowspan=\"2\" height=\"38\">H<\/td>\n<td id=\"id1\">Maximum<\/td>\n<td width=\"64\">10.5<\/td>\n<td width=\"64\">13<\/td>\n<td width=\"64\">17<\/td>\n<td width=\"64\">20<\/td>\n<td width=\"64\">25<\/td>\n<td width=\"64\">33.5<\/td>\n<td width=\"64\">37.5<\/td>\n<td width=\"64\">46.5<\/td>\n<td width=\"64\">56.5<\/td>\n<\/tr>\n<tr>\n<td height=\"19\">Mindestwert<\/td>\n<td width=\"64\">8.5<\/td>\n<td width=\"64\">11<\/td>\n<td width=\"64\">15<\/td>\n<td width=\"64\">18<\/td>\n<td width=\"64\">23<\/td>\n<td width=\"64\">31<\/td>\n<td width=\"64\">35<\/td>\n<td width=\"64\">44<\/td>\n<td width=\"64\">53.5<\/td>\n<\/tr>\n<tr>\n<td rowspan=\"2\" height=\"39\">k<\/td>\n<td id=\"id1\">Maximum<\/td>\n<td width=\"64\">4.6<\/td>\n<td width=\"64\">6.5<\/td>\n<td width=\"64\">8<\/td>\n<td width=\"64\">10<\/td>\n<td width=\"64\">12<\/td>\n<td width=\"64\">14<\/td>\n<td width=\"64\">17<\/td>\n<td width=\"64\">21<\/td>\n<td width=\"64\">25<\/td>\n<\/tr>\n<tr>\n<td height=\"20\">Mindestwert<\/td>\n<td width=\"64\">3.2<\/td>\n<td width=\"64\">4<\/td>\n<td width=\"64\">5<\/td>\n<td width=\"64\">6.5<\/td>\n<td width=\"64\">8<\/td>\n<td width=\"64\">10<\/td>\n<td width=\"64\">13<\/td>\n<td width=\"64\">16<\/td>\n<td width=\"64\">20<\/td>\n<\/tr>\n<\/tbody>\n<\/table>\n<\/div>\n<p><strong>UNSER PAKET:<\/strong><\/p>\n<p align=\"justify\">1. 25-kg-S\u00e4cke oder 50-kg-S\u00e4cke.<br \/>\n2. S\u00e4cke mit Palette.<br \/>\n3. 25-kg-Kartons oder Kartons mit Palette.<br \/>\n4. Verpackung nach Kundenwunsch<\/p>","protected":false},"excerpt":{"rendered":"<p>ABW-PREIS: 720USD-910USD\/TONNE<br \/>\nMin.Bestellmenge:2Tonnen<br \/>\nVERPACKUNG: BEUTEL\/KARTON MIT PALETTE<br \/>\nHAFEN:TIANJIN\/QINGDAO\/SHANGHAI\/NINGBO<br \/>\nLIEFERUNG:5-30 TAGE JE NACH MENGE<br \/>\nBEZAHLUNG:T\/T\/LC<br \/>\nLieferf\u00e4higkeit:600 TONNEN PRO MONAT<\/p>\n<p>&nbsp;<\/p>\n<ul>\n<li><em>FOB-Preis:<\/em>US $0.5 - 9,999 \/ St\u00fcck<\/li>\n<li><em>Mindestbestellmenge:<\/em>100 St\u00fcck\/St\u00fcck<\/li>\n<li><em>Lieferf\u00e4higkeit:<\/em>10000 St\u00fcck\/St\u00fcck pro Monat<\/li>\n<\/ul>","protected":false},"featured_media":1579,"template":"","meta":{"_kad_post_transparent":"default","_kad_post_title":"","_kad_post_layout":"default","_kad_post_sidebar_id":"","_kad_post_content_style":"default","_kad_post_vertical_padding":"default","_kad_post_feature":"","_kad_post_feature_position":"","_kad_post_header":false,"_kad_post_footer":false},"product_brand":[],"product_cat":[28],"product_tag":[],"class_list":{"0":"post-1574","1":"product","2":"type-product","3":"status-publish","4":"has-post-thumbnail","6":"product_cat-bolt","8":"first","9":"instock","10":"shipping-taxable","11":"product-type-simple","12":"entry","13":"content-bg","14":"loop-entry"},"yoast_head":"<!-- This site is optimized with the Yoast SEO plugin v27.4 - https:\/\/yoast.com\/product\/yoast-seo-wordpress\/ -->\n<title>DIN316 Carbon Steel Stainless Steel Butterfly Bolt Wing Bolt Thumb Wing Screw - Quantong Fastener<\/title>\n<meta name=\"robots\" content=\"index, follow, max-snippet:-1, max-image-preview:large, max-video-preview:-1\" \/>\n<link rel=\"canonical\" href=\"https:\/\/quantongfastener.com\/de\/produkt\/din316-carbon-steel-stainless-steel-butterfly-bolt-wing-bolt-thumb-wing-screw\/\" \/>\n<meta property=\"og:locale\" content=\"de_DE\" \/>\n<meta property=\"og:type\" content=\"article\" \/>\n<meta property=\"og:title\" content=\"DIN316 Carbon Steel Stainless Steel Butterfly Bolt Wing Bolt Thumb Wing Screw - Quantong Fastener\" \/>\n<meta property=\"og:description\" content=\"EXW PRICE : 720USD-910USD\/TON Min.Order Quantity:2TONS PACKAGING:BAG\/BOX WITH PALLET PORT:TIANJIN\/QINGDAO\/SHANGHAI\/NINGBO DELIVERY:5-30DAYS ON QTY PAYMENT:T\/T\/LC Supply Ability:600 TON PER MONTH  &nbsp;   FOB Price:US $0.5 - 9,999 \/ Piece  Min.Order Quantity:100 Piece\/Pieces  Supply Ability:10000 Piece\/Pieces per Month\" \/>\n<meta property=\"og:url\" content=\"https:\/\/quantongfastener.com\/de\/produkt\/din316-carbon-steel-stainless-steel-butterfly-bolt-wing-bolt-thumb-wing-screw\/\" \/>\n<meta property=\"og:site_name\" content=\"Quantong Fastener\" \/>\n<meta property=\"og:image\" content=\"https:\/\/quantongfastener.com\/wp-content\/uploads\/2025\/07\/DIN316-Carbon-Steel-Stainless-Steel-Butterfly-Bolt-Wing-Bolt-Thumb-Wing-Screw-5.jpg\" \/>\n\t<meta property=\"og:image:width\" content=\"610\" \/>\n\t<meta property=\"og:image:height\" content=\"610\" \/>\n\t<meta property=\"og:image:type\" content=\"image\/jpeg\" \/>\n<meta name=\"twitter:card\" content=\"summary_large_image\" \/>\n<meta name=\"twitter:label1\" content=\"Gesch\u00e4tzte Lesezeit\" \/>\n\t<meta name=\"twitter:data1\" content=\"2\u00a0Minuten\" \/>\n<script type=\"application\/ld+json\" class=\"yoast-schema-graph\">{\"@context\":\"https:\\\/\\\/schema.org\",\"@graph\":[{\"@type\":\"WebPage\",\"@id\":\"https:\\\/\\\/quantongfastener.com\\\/product\\\/din316-carbon-steel-stainless-steel-butterfly-bolt-wing-bolt-thumb-wing-screw\\\/\",\"url\":\"https:\\\/\\\/quantongfastener.com\\\/product\\\/din316-carbon-steel-stainless-steel-butterfly-bolt-wing-bolt-thumb-wing-screw\\\/\",\"name\":\"DIN316 Carbon Steel Stainless Steel Butterfly Bolt Wing Bolt Thumb Wing Screw - Quantong Fastener\",\"isPartOf\":{\"@id\":\"https:\\\/\\\/quantongfastener.com\\\/#website\"},\"primaryImageOfPage\":{\"@id\":\"https:\\\/\\\/quantongfastener.com\\\/product\\\/din316-carbon-steel-stainless-steel-butterfly-bolt-wing-bolt-thumb-wing-screw\\\/#primaryimage\"},\"image\":{\"@id\":\"https:\\\/\\\/quantongfastener.com\\\/product\\\/din316-carbon-steel-stainless-steel-butterfly-bolt-wing-bolt-thumb-wing-screw\\\/#primaryimage\"},\"thumbnailUrl\":\"https:\\\/\\\/quantongfastener.com\\\/wp-content\\\/uploads\\\/2025\\\/07\\\/DIN316-Carbon-Steel-Stainless-Steel-Butterfly-Bolt-Wing-Bolt-Thumb-Wing-Screw-5.jpg\",\"datePublished\":\"2025-07-29T16:00:14+00:00\",\"breadcrumb\":{\"@id\":\"https:\\\/\\\/quantongfastener.com\\\/product\\\/din316-carbon-steel-stainless-steel-butterfly-bolt-wing-bolt-thumb-wing-screw\\\/#breadcrumb\"},\"inLanguage\":\"de\",\"potentialAction\":[{\"@type\":\"ReadAction\",\"target\":[\"https:\\\/\\\/quantongfastener.com\\\/product\\\/din316-carbon-steel-stainless-steel-butterfly-bolt-wing-bolt-thumb-wing-screw\\\/\"]}]},{\"@type\":\"ImageObject\",\"inLanguage\":\"de\",\"@id\":\"https:\\\/\\\/quantongfastener.com\\\/product\\\/din316-carbon-steel-stainless-steel-butterfly-bolt-wing-bolt-thumb-wing-screw\\\/#primaryimage\",\"url\":\"https:\\\/\\\/quantongfastener.com\\\/wp-content\\\/uploads\\\/2025\\\/07\\\/DIN316-Carbon-Steel-Stainless-Steel-Butterfly-Bolt-Wing-Bolt-Thumb-Wing-Screw-5.jpg\",\"contentUrl\":\"https:\\\/\\\/quantongfastener.com\\\/wp-content\\\/uploads\\\/2025\\\/07\\\/DIN316-Carbon-Steel-Stainless-Steel-Butterfly-Bolt-Wing-Bolt-Thumb-Wing-Screw-5.jpg\",\"width\":610,\"height\":610},{\"@type\":\"BreadcrumbList\",\"@id\":\"https:\\\/\\\/quantongfastener.com\\\/product\\\/din316-carbon-steel-stainless-steel-butterfly-bolt-wing-bolt-thumb-wing-screw\\\/#breadcrumb\",\"itemListElement\":[{\"@type\":\"ListItem\",\"position\":1,\"name\":\"Home\",\"item\":\"https:\\\/\\\/quantongfastener.com\\\/\"},{\"@type\":\"ListItem\",\"position\":2,\"name\":\"Products\",\"item\":\"https:\\\/\\\/quantongfastener.com\\\/products\\\/\"},{\"@type\":\"ListItem\",\"position\":3,\"name\":\"DIN316 Carbon Steel Stainless Steel Butterfly Bolt Wing Bolt Thumb Wing Screw\"}]},{\"@type\":\"WebSite\",\"@id\":\"https:\\\/\\\/quantongfastener.com\\\/#website\",\"url\":\"https:\\\/\\\/quantongfastener.com\\\/\",\"name\":\"Quantong Fastener\",\"description\":\"\",\"publisher\":{\"@id\":\"https:\\\/\\\/quantongfastener.com\\\/#organization\"},\"potentialAction\":[{\"@type\":\"SearchAction\",\"target\":{\"@type\":\"EntryPoint\",\"urlTemplate\":\"https:\\\/\\\/quantongfastener.com\\\/?s={search_term_string}\"},\"query-input\":{\"@type\":\"PropertyValueSpecification\",\"valueRequired\":true,\"valueName\":\"search_term_string\"}}],\"inLanguage\":\"de\"},{\"@type\":\"Organization\",\"@id\":\"https:\\\/\\\/quantongfastener.com\\\/#organization\",\"name\":\"Quantong Fastener\",\"url\":\"https:\\\/\\\/quantongfastener.com\\\/\",\"logo\":{\"@type\":\"ImageObject\",\"inLanguage\":\"de\",\"@id\":\"https:\\\/\\\/quantongfastener.com\\\/#\\\/schema\\\/logo\\\/image\\\/\",\"url\":\"https:\\\/\\\/quantongfastener.com\\\/wp-content\\\/uploads\\\/2025\\\/07\\\/logo.jpg\",\"contentUrl\":\"https:\\\/\\\/quantongfastener.com\\\/wp-content\\\/uploads\\\/2025\\\/07\\\/logo.jpg\",\"width\":425,\"height\":424,\"caption\":\"Quantong Fastener\"},\"image\":{\"@id\":\"https:\\\/\\\/quantongfastener.com\\\/#\\\/schema\\\/logo\\\/image\\\/\"}}]}<\/script>\n<!-- \/ Yoast SEO plugin. -->","yoast_head_json":{"title":"DIN316 Carbon Steel Stainless Steel Butterfly Bolt Wing Bolt Thumb Wing Screw - Quantong Fastener","robots":{"index":"index","follow":"follow","max-snippet":"max-snippet:-1","max-image-preview":"max-image-preview:large","max-video-preview":"max-video-preview:-1"},"canonical":"https:\/\/quantongfastener.com\/de\/produkt\/din316-carbon-steel-stainless-steel-butterfly-bolt-wing-bolt-thumb-wing-screw\/","og_locale":"de_DE","og_type":"article","og_title":"DIN316 Carbon Steel Stainless Steel Butterfly Bolt Wing Bolt Thumb Wing Screw - Quantong Fastener","og_description":"EXW PRICE : 720USD-910USD\/TON Min.Order Quantity:2TONS PACKAGING:BAG\/BOX WITH PALLET PORT:TIANJIN\/QINGDAO\/SHANGHAI\/NINGBO DELIVERY:5-30DAYS ON QTY PAYMENT:T\/T\/LC Supply Ability:600 TON PER MONTH  &nbsp;   FOB Price:US $0.5 - 9,999 \/ Piece  Min.Order Quantity:100 Piece\/Pieces  Supply Ability:10000 Piece\/Pieces per Month","og_url":"https:\/\/quantongfastener.com\/de\/produkt\/din316-carbon-steel-stainless-steel-butterfly-bolt-wing-bolt-thumb-wing-screw\/","og_site_name":"Quantong Fastener","og_image":[{"width":610,"height":610,"url":"https:\/\/quantongfastener.com\/wp-content\/uploads\/2025\/07\/DIN316-Carbon-Steel-Stainless-Steel-Butterfly-Bolt-Wing-Bolt-Thumb-Wing-Screw-5.jpg","type":"image\/jpeg"}],"twitter_card":"summary_large_image","twitter_misc":{"Gesch\u00e4tzte Lesezeit":"2\u00a0Minuten"},"schema":{"@context":"https:\/\/schema.org","@graph":[{"@type":"WebPage","@id":"https:\/\/quantongfastener.com\/product\/din316-carbon-steel-stainless-steel-butterfly-bolt-wing-bolt-thumb-wing-screw\/","url":"https:\/\/quantongfastener.com\/product\/din316-carbon-steel-stainless-steel-butterfly-bolt-wing-bolt-thumb-wing-screw\/","name":"DIN316 Carbon Steel Stainless Steel Butterfly Bolt Wing Bolt Thumb Wing Screw - Quantong Fastener","isPartOf":{"@id":"https:\/\/quantongfastener.com\/#website"},"primaryImageOfPage":{"@id":"https:\/\/quantongfastener.com\/product\/din316-carbon-steel-stainless-steel-butterfly-bolt-wing-bolt-thumb-wing-screw\/#primaryimage"},"image":{"@id":"https:\/\/quantongfastener.com\/product\/din316-carbon-steel-stainless-steel-butterfly-bolt-wing-bolt-thumb-wing-screw\/#primaryimage"},"thumbnailUrl":"https:\/\/quantongfastener.com\/wp-content\/uploads\/2025\/07\/DIN316-Carbon-Steel-Stainless-Steel-Butterfly-Bolt-Wing-Bolt-Thumb-Wing-Screw-5.jpg","datePublished":"2025-07-29T16:00:14+00:00","breadcrumb":{"@id":"https:\/\/quantongfastener.com\/product\/din316-carbon-steel-stainless-steel-butterfly-bolt-wing-bolt-thumb-wing-screw\/#breadcrumb"},"inLanguage":"de","potentialAction":[{"@type":"ReadAction","target":["https:\/\/quantongfastener.com\/product\/din316-carbon-steel-stainless-steel-butterfly-bolt-wing-bolt-thumb-wing-screw\/"]}]},{"@type":"ImageObject","inLanguage":"de","@id":"https:\/\/quantongfastener.com\/product\/din316-carbon-steel-stainless-steel-butterfly-bolt-wing-bolt-thumb-wing-screw\/#primaryimage","url":"https:\/\/quantongfastener.com\/wp-content\/uploads\/2025\/07\/DIN316-Carbon-Steel-Stainless-Steel-Butterfly-Bolt-Wing-Bolt-Thumb-Wing-Screw-5.jpg","contentUrl":"https:\/\/quantongfastener.com\/wp-content\/uploads\/2025\/07\/DIN316-Carbon-Steel-Stainless-Steel-Butterfly-Bolt-Wing-Bolt-Thumb-Wing-Screw-5.jpg","width":610,"height":610},{"@type":"BreadcrumbList","@id":"https:\/\/quantongfastener.com\/product\/din316-carbon-steel-stainless-steel-butterfly-bolt-wing-bolt-thumb-wing-screw\/#breadcrumb","itemListElement":[{"@type":"ListItem","position":1,"name":"Home","item":"https:\/\/quantongfastener.com\/"},{"@type":"ListItem","position":2,"name":"Products","item":"https:\/\/quantongfastener.com\/products\/"},{"@type":"ListItem","position":3,"name":"DIN316 Carbon Steel Stainless Steel Butterfly Bolt Wing Bolt Thumb Wing Screw"}]},{"@type":"WebSite","@id":"https:\/\/quantongfastener.com\/#website","url":"https:\/\/quantongfastener.com\/","name":"Quantong-Verschluss","description":"","publisher":{"@id":"https:\/\/quantongfastener.com\/#organization"},"potentialAction":[{"@type":"SearchAction","target":{"@type":"EntryPoint","urlTemplate":"https:\/\/quantongfastener.com\/?s={search_term_string}"},"query-input":{"@type":"PropertyValueSpecification","valueRequired":true,"valueName":"search_term_string"}}],"inLanguage":"de"},{"@type":"Organization","@id":"https:\/\/quantongfastener.com\/#organization","name":"Quantong-Verschluss","url":"https:\/\/quantongfastener.com\/","logo":{"@type":"ImageObject","inLanguage":"de","@id":"https:\/\/quantongfastener.com\/#\/schema\/logo\/image\/","url":"https:\/\/quantongfastener.com\/wp-content\/uploads\/2025\/07\/logo.jpg","contentUrl":"https:\/\/quantongfastener.com\/wp-content\/uploads\/2025\/07\/logo.jpg","width":425,"height":424,"caption":"Quantong Fastener"},"image":{"@id":"https:\/\/quantongfastener.com\/#\/schema\/logo\/image\/"}}]}},"_links":{"self":[{"href":"https:\/\/quantongfastener.com\/de\/wp-json\/wp\/v2\/product\/1574","targetHints":{"allow":["GET"]}}],"collection":[{"href":"https:\/\/quantongfastener.com\/de\/wp-json\/wp\/v2\/product"}],"about":[{"href":"https:\/\/quantongfastener.com\/de\/wp-json\/wp\/v2\/types\/product"}],"wp:featuredmedia":[{"embeddable":true,"href":"https:\/\/quantongfastener.com\/de\/wp-json\/wp\/v2\/media\/1579"}],"wp:attachment":[{"href":"https:\/\/quantongfastener.com\/de\/wp-json\/wp\/v2\/media?parent=1574"}],"wp:term":[{"taxonomy":"product_brand","embeddable":true,"href":"https:\/\/quantongfastener.com\/de\/wp-json\/wp\/v2\/product_brand?post=1574"},{"taxonomy":"product_cat","embeddable":true,"href":"https:\/\/quantongfastener.com\/de\/wp-json\/wp\/v2\/product_cat?post=1574"},{"taxonomy":"product_tag","embeddable":true,"href":"https:\/\/quantongfastener.com\/de\/wp-json\/wp\/v2\/product_tag?post=1574"}],"curies":[{"name":"wp","href":"https:\/\/api.w.org\/{rel}","templated":true}]}}