{"id":1556,"date":"2025-07-29T15:50:22","date_gmt":"2025-07-29T15:50:22","guid":{"rendered":"https:\/\/quantongfastener.com\/?post_type=product&#038;p=1556"},"modified":"2025-08-21T03:11:58","modified_gmt":"2025-08-21T03:11:58","slug":"stainless-steel-eye-bolt-din-444","status":"publish","type":"product","link":"https:\/\/quantongfastener.com\/de\/produkt\/stainless-steel-eye-bolt-din-444\/","title":{"rendered":"Augenschraube aus Edelstahl DIN 444"},"content":{"rendered":"<p><img fetchpriority=\"high\" decoding=\"async\" class=\"alignnone size-full wp-image-1563\" src=\"https:\/\/quantongfastener.com\/wp-content\/uploads\/2025\/07\/Stainless-steel-Eye-Bolt-DIN-444.jpg\" alt=\"\" width=\"610\" height=\"610\" srcset=\"https:\/\/quantongfastener.com\/wp-content\/uploads\/2025\/07\/Stainless-steel-Eye-Bolt-DIN-444.jpg 610w, https:\/\/quantongfastener.com\/wp-content\/uploads\/2025\/07\/Stainless-steel-Eye-Bolt-DIN-444-300x300.jpg 300w, https:\/\/quantongfastener.com\/wp-content\/uploads\/2025\/07\/Stainless-steel-Eye-Bolt-DIN-444-150x150.jpg 150w, https:\/\/quantongfastener.com\/wp-content\/uploads\/2025\/07\/Stainless-steel-Eye-Bolt-DIN-444-12x12.jpg 12w, https:\/\/quantongfastener.com\/wp-content\/uploads\/2025\/07\/Stainless-steel-Eye-Bolt-DIN-444-600x600.jpg 600w, https:\/\/quantongfastener.com\/wp-content\/uploads\/2025\/07\/Stainless-steel-Eye-Bolt-DIN-444-100x100.jpg 100w\" sizes=\"(max-width: 610px) 100vw, 610px\" \/><\/p>\n<table border=\"1\" cellspacing=\"0\">\n<tbody>\n<tr>\n<td valign=\"top\" width=\"161\">Name des Produkts<\/td>\n<td valign=\"top\" width=\"406\">A2-70 A4-70 Augenschraube<\/td>\n<\/tr>\n<tr>\n<td valign=\"top\" width=\"161\">Gr\u00f6\u00dfe<\/td>\n<td valign=\"top\" width=\"406\">M6-64<\/td>\n<\/tr>\n<tr>\n<td valign=\"top\" width=\"161\">L\u00e4nge<\/td>\n<td valign=\"top\" width=\"406\">20-300mm oder nach Bedarf<\/td>\n<\/tr>\n<tr>\n<td valign=\"top\" width=\"161\">Klasse<\/td>\n<td valign=\"top\" width=\"406\">SS304\/SS316<\/td>\n<\/tr>\n<tr>\n<td valign=\"top\" width=\"161\">Material<\/td>\n<td valign=\"top\" width=\"406\">Rostfreier Stahl<\/td>\n<\/tr>\n<tr>\n<td valign=\"top\" width=\"161\">Oberfl\u00e4chenbehandlung<\/td>\n<td valign=\"top\" width=\"406\">Einfach<\/td>\n<\/tr>\n<tr>\n<td valign=\"top\" width=\"161\">Standard<\/td>\n<td valign=\"top\" width=\"406\">DIN\/ISO<\/td>\n<\/tr>\n<tr>\n<td valign=\"top\" width=\"161\">Zertifikat<\/td>\n<td valign=\"top\" width=\"406\">ISO 9001<\/td>\n<\/tr>\n<tr>\n<td valign=\"top\" width=\"161\">Muster<\/td>\n<td valign=\"top\" width=\"406\">Kostenlose Proben<\/td>\n<\/tr>\n<\/tbody>\n<\/table>\n<p>Anwendungsbeispiele: Filter-Selbstretter, Gassp\u00fcrger\u00e4t, Staubmaske, Bergbau-Regenmantel, Minensprenger, Anwendungsdetails: Gelenkbolzen sind weit verbreitet: Niedertemperatur- und Hochdruckventile, Druckrohrleitungen, Fluidtechnik, Erd\u00f6lbohr- und -f\u00f6rderanlagen, \u00d6lfeldausr\u00fcstungen und andere Bereiche werden h\u00e4ufig bei Demontage- und Verbindungsanl\u00e4ssen oder Werkzeugen wie der Ventilindustrie, Klappfahrr\u00e4dern, Kinderwagen verwendet. Aufgrund der bequemen und schnellen Verwendung von Bolzen unter Spannung spielt die Verwendung von St\u00fctzbolzen eine Rolle bei der Verbindung und Befestigung. Weit und breit.<\/p>\n<div class=\"fl-row fl-row-full-width fl-row-bg-none fl-node-5e0ea9493a935\" data-node=\"5e0ea9493a935\">\n<div class=\"fl-row-content-wrap\">\n<div class=\"fl-row-content fl-row-full-width fl-node-content\">\n<div class=\"fl-col-group fl-node-5e0ea949452c6\" data-node=\"5e0ea949452c6\">\n<div class=\"fl-col fl-node-5e0ea94945770\" data-node=\"5e0ea94945770\">\n<div class=\"fl-col-content fl-node-content\">\n<div class=\"fl-module fl-module-rich-text fl-node-5e0462f895f7f\" data-node=\"5e0462f895f7f\" data-animation-delay=\"0.0\">\n<div class=\"fl-module-content fl-node-content\">\n<div class=\"fl-rich-text\">\n<p><strong>F: Warum ist rostfreier Stahl magnetisch?<\/strong><\/p>\n<p>A: Der rostfreie Stahl 304 geh\u00f6rt zu den austenitischen rostfreien St\u00e4hlen. Austenit wird w\u00e4hrend der Kaltbearbeitung teilweise oder leicht in Martensit umgewandelt. Martensit ist magnetisch, daher ist rostfreier Stahl nicht oder nur schwach magnetisch.<\/p>\n<p><strong>F: Woran erkennt man authentische Produkte aus nichtrostendem Stahl?<\/strong><\/p>\n<p>A:1. Unterst\u00fctzen Sie Edelstahl speziellen Trank Test, wenn es nicht die Farbe \u00e4ndern, ist es authentisch Edelstahl.<\/p>\n<p>2. die Analyse der chemischen Zusammensetzung und die Spektralanalyse unterst\u00fctzen.<\/p>\n<p>3. Unterst\u00fctzen Sie Rauch-Test, um die tats\u00e4chliche Verwendung Umwelt zu simulieren.<\/p>\n<p><strong>F: Welche sind die am h\u00e4ufigsten verwendeten nichtrostenden St\u00e4hle?<\/strong><\/p>\n<p>A:1.SS201, geeignet f\u00fcr den Einsatz in trockener Umgebung, rostet leicht im Wasser.<\/p>\n<p>2.SS304, im Freien oder in feuchter Umgebung, hohe Korrosions- und S\u00e4urebest\u00e4ndigkeit.<\/p>\n<p>3.SS316, Molybd\u00e4n hinzugef\u00fcgt, mehr Korrosionsbest\u00e4ndigkeit, besonders geeignet f\u00fcr Seewasser und chemische Medien.<\/p>\n<\/div>\n<\/div>\n<\/div>\n<\/div>\n<\/div>\n<\/div>\n<\/div>\n<\/div>\n<\/div>\n<div class=\"fl-row fl-row-full-width fl-row-bg-none fl-node-5e12a09f94dc1\" data-node=\"5e12a09f94dc1\">\n<div class=\"fl-row-content-wrap\">\n<div class=\"fl-row-content fl-row-full-width fl-node-content\">\n<div class=\"fl-col-group fl-node-5e12a09f95371\" data-node=\"5e12a09f95371\">\n<div class=\"fl-col fl-node-5e12a09f953d2\" data-node=\"5e12a09f953d2\">\n<div class=\"fl-col-content fl-node-content\">\n<div class=\"fl-module fl-module-rich-text fl-node-5e12a09f95423\" data-node=\"5e12a09f95423\" data-animation-delay=\"0.0\">\n<div class=\"fl-module-content fl-node-content\">\n<div class=\"fl-rich-text\">\n<p><strong>F\u00fcnf Vorteile von rostfreiem Stahl:<\/strong><\/p>\n<\/div>\n<\/div>\n<\/div>\n<\/div>\n<\/div>\n<\/div>\n<\/div>\n<\/div>\n<\/div>\n<div class=\"fl-row fl-row-full-width fl-row-bg-none fl-node-5e12a0fe10164\" data-node=\"5e12a0fe10164\">\n<div class=\"fl-row-content-wrap\">\n<div class=\"fl-row-content fl-row-full-width fl-node-content\">\n<div class=\"fl-col-group fl-node-5e12a0fe1ca64\" data-node=\"5e12a0fe1ca64\">\n<div class=\"fl-col fl-node-5e12a0fe1d072\" data-node=\"5e12a0fe1d072\">\n<div class=\"fl-col-content fl-node-content\">\n<div class=\"fl-module fl-module-rich-text fl-node-5e12a0fe0f62a\" data-node=\"5e12a0fe0f62a\" data-animation-delay=\"0.0\">\n<div class=\"fl-module-content fl-node-content\">\n<div class=\"fl-rich-text\">\n<p>\u2606 1. Hohe H\u00e4rte, keine Verformung - Die H\u00e4rte von rostfreiem Stahl ist mehr als 2 mal h\u00f6her als die von Kupfer, mehr als 10 mal h\u00f6her als die von Aluminium, die Verarbeitung ist schwierig, und der Produktionsprozess ist kompliziert.<\/p>\n<p align=\"justify\">\n<p>\u2606 2.Durable und nicht rostig - aus Edelstahl, die Kombination von Chrom und Nickel schafft eine Anti-Oxidationsschicht auf der Oberfl\u00e4che des Materials, die die Rolle des Rostes spielt.<\/p>\n<p align=\"justify\">\n<p>3. umweltfreundlich, ungiftig und umweltschonend --- Edelstahl ist als hygienisch, sicher, ungiftig und s\u00e4ure- und laugenbest\u00e4ndig anerkannt. Es wird nicht in das Meer freigesetzt und verschmutzt nicht das Leitungswasser.<\/p>\n<p align=\"justify\">\n<p>\u2606 4. Sch\u00f6n, hochwertig, praktisch --- Produkte aus rostfreiem Stahl sind auf der ganzen Welt beliebt. Die Oberfl\u00e4che ist silber und wei\u00df. Nach zehn Jahren Gebrauch wird es nie rosten. Solange Sie es mit sauberem Wasser abwischen, wird es sauber und sch\u00f6n sein, so hell wie neu.<\/p>\n<p align=\"justify\">\n<\/div>\n<\/div>\n<\/div>\n<\/div>\n<\/div>\n<\/div>\n<\/div>\n<\/div>\n<\/div>\n<div class=\"fl-row fl-row-full-width fl-row-bg-none fl-node-5e0ea6f070ee5\" data-node=\"5e0ea6f070ee5\">\n<div class=\"fl-row-content-wrap\">\n<div class=\"fl-row-content fl-row-full-width fl-node-content\">\n<div class=\"fl-col-group fl-node-5e0ea6f07142f\" data-node=\"5e0ea6f07142f\">\n<div class=\"fl-col fl-node-5e0ea6f07147c\" data-node=\"5e0ea6f07147c\">\n<div class=\"fl-col-content fl-node-content\">\n<div class=\"fl-module fl-module-rich-text fl-node-5e0ea6f0714c0\" data-node=\"5e0ea6f0714c0\" data-animation-delay=\"0.0\">\n<div class=\"fl-module-content fl-node-content\">\n<div class=\"fl-rich-text\">\n<p><strong>Parameter des Produkts:<\/strong><\/p>\n<\/div>\n<\/div>\n<\/div>\n<\/div>\n<\/div>\n<\/div>\n<\/div>\n<\/div>\n<\/div>\n<div class=\"fl-row fl-row-full-width fl-row-bg-none fl-node-5e0ea8f468763\" data-node=\"5e0ea8f468763\">\n<div class=\"fl-row-content-wrap\">\n<div class=\"fl-row-content fl-row-full-width fl-node-content\">\n<div class=\"fl-col-group fl-node-5e0ea8f473dc2\" data-node=\"5e0ea8f473dc2\">\n<div class=\"fl-col fl-node-5e0ea8f47427f\" data-node=\"5e0ea8f47427f\">\n<div class=\"fl-col-content fl-node-content\">\n<div class=\"fl-module fl-module-rich-text fl-node-5e046382236f8\" data-node=\"5e046382236f8\" data-animation-delay=\"0.0\">\n<div class=\"fl-module-content fl-node-content\">\n<div class=\"fl-rich-text\">\n<p align=\"center\"><img decoding=\"async\" class=\"alignnone size-full wp-image-1203\" src=\"https:\/\/www.cyfastener.com\/uploads\/09caed32.png\" alt=\"xq01\" \/><\/p>\n<\/div>\n<\/div>\n<\/div>\n<\/div>\n<\/div>\n<\/div>\n<\/div>\n<\/div>\n<\/div>","protected":false},"excerpt":{"rendered":"<p>Min.Bestellmenge:1000PCS<\/p>\n<p>VERPACKUNG: BEUTEL\/KARTON MIT PALETTE<\/p>\n<p>HAFEN:TIANJIN\/QINGDAO\/SHANGHAI\/NINGBO<\/p>\n<p>LIEFERUNG:5-30 TAGE JE NACH MENGE<\/p>\n<p>BEZAHLUNG:T\/T\/LC<\/p>\n<p>Lieferf\u00e4higkeit:500 TONNEN PRO MONAT<\/p>","protected":false},"featured_media":1563,"template":"","meta":{"_kad_post_transparent":"default","_kad_post_title":"","_kad_post_layout":"default","_kad_post_sidebar_id":"","_kad_post_content_style":"default","_kad_post_vertical_padding":"default","_kad_post_feature":"","_kad_post_feature_position":"","_kad_post_header":false,"_kad_post_footer":false},"product_brand":[],"product_cat":[28,38],"product_tag":[],"class_list":{"0":"post-1556","1":"product","2":"type-product","3":"status-publish","4":"has-post-thumbnail","6":"product_cat-bolt","7":"product_cat-din-444-eye-bolt","9":"first","10":"instock","11":"shipping-taxable","12":"product-type-simple","13":"entry","14":"content-bg","15":"loop-entry"},"yoast_head":"<!-- This site is optimized with the Yoast SEO plugin v27.4 - https:\/\/yoast.com\/product\/yoast-seo-wordpress\/ -->\n<title>Stainless steel Eye Bolt DIN 444 - Quantong Fastener<\/title>\n<meta name=\"robots\" content=\"index, follow, max-snippet:-1, max-image-preview:large, max-video-preview:-1\" \/>\n<link rel=\"canonical\" href=\"https:\/\/quantongfastener.com\/de\/produkt\/stainless-steel-eye-bolt-din-444\/\" \/>\n<meta property=\"og:locale\" content=\"de_DE\" \/>\n<meta property=\"og:type\" content=\"article\" \/>\n<meta property=\"og:title\" content=\"Stainless steel Eye Bolt DIN 444 - Quantong Fastener\" \/>\n<meta property=\"og:description\" content=\"Min.Order Quantity:1000PCS  PACKAGING:BAG\/BOX WITH PALLET  PORT:TIANJIN\/QINGDAO\/SHANGHAI\/NINGBO  DELIVERY:5-30DAYS ON QTY  PAYMENT:T\/T\/LC  Supply Ability:500 TON PER MONTH\" \/>\n<meta property=\"og:url\" content=\"https:\/\/quantongfastener.com\/de\/produkt\/stainless-steel-eye-bolt-din-444\/\" \/>\n<meta property=\"og:site_name\" content=\"Quantong Fastener\" \/>\n<meta property=\"article:modified_time\" content=\"2025-08-21T03:11:58+00:00\" \/>\n<meta property=\"og:image\" content=\"https:\/\/quantongfastener.com\/wp-content\/uploads\/2025\/07\/Stainless-steel-Eye-Bolt-DIN-444.jpg\" \/>\n\t<meta property=\"og:image:width\" content=\"610\" \/>\n\t<meta property=\"og:image:height\" content=\"610\" \/>\n\t<meta property=\"og:image:type\" content=\"image\/jpeg\" \/>\n<meta name=\"twitter:card\" content=\"summary_large_image\" \/>\n<meta name=\"twitter:label1\" content=\"Gesch\u00e4tzte Lesezeit\" \/>\n\t<meta name=\"twitter:data1\" content=\"3\u00a0Minuten\" \/>\n<script type=\"application\/ld+json\" class=\"yoast-schema-graph\">{\"@context\":\"https:\\\/\\\/schema.org\",\"@graph\":[{\"@type\":\"WebPage\",\"@id\":\"https:\\\/\\\/quantongfastener.com\\\/product\\\/stainless-steel-eye-bolt-din-444\\\/\",\"url\":\"https:\\\/\\\/quantongfastener.com\\\/product\\\/stainless-steel-eye-bolt-din-444\\\/\",\"name\":\"Stainless steel Eye Bolt DIN 444 - Quantong Fastener\",\"isPartOf\":{\"@id\":\"https:\\\/\\\/quantongfastener.com\\\/#website\"},\"primaryImageOfPage\":{\"@id\":\"https:\\\/\\\/quantongfastener.com\\\/product\\\/stainless-steel-eye-bolt-din-444\\\/#primaryimage\"},\"image\":{\"@id\":\"https:\\\/\\\/quantongfastener.com\\\/product\\\/stainless-steel-eye-bolt-din-444\\\/#primaryimage\"},\"thumbnailUrl\":\"https:\\\/\\\/quantongfastener.com\\\/wp-content\\\/uploads\\\/2025\\\/07\\\/Stainless-steel-Eye-Bolt-DIN-444.jpg\",\"datePublished\":\"2025-07-29T15:50:22+00:00\",\"dateModified\":\"2025-08-21T03:11:58+00:00\",\"breadcrumb\":{\"@id\":\"https:\\\/\\\/quantongfastener.com\\\/product\\\/stainless-steel-eye-bolt-din-444\\\/#breadcrumb\"},\"inLanguage\":\"de\",\"potentialAction\":[{\"@type\":\"ReadAction\",\"target\":[\"https:\\\/\\\/quantongfastener.com\\\/product\\\/stainless-steel-eye-bolt-din-444\\\/\"]}]},{\"@type\":\"ImageObject\",\"inLanguage\":\"de\",\"@id\":\"https:\\\/\\\/quantongfastener.com\\\/product\\\/stainless-steel-eye-bolt-din-444\\\/#primaryimage\",\"url\":\"https:\\\/\\\/quantongfastener.com\\\/wp-content\\\/uploads\\\/2025\\\/07\\\/Stainless-steel-Eye-Bolt-DIN-444.jpg\",\"contentUrl\":\"https:\\\/\\\/quantongfastener.com\\\/wp-content\\\/uploads\\\/2025\\\/07\\\/Stainless-steel-Eye-Bolt-DIN-444.jpg\",\"width\":610,\"height\":610},{\"@type\":\"BreadcrumbList\",\"@id\":\"https:\\\/\\\/quantongfastener.com\\\/product\\\/stainless-steel-eye-bolt-din-444\\\/#breadcrumb\",\"itemListElement\":[{\"@type\":\"ListItem\",\"position\":1,\"name\":\"Home\",\"item\":\"https:\\\/\\\/quantongfastener.com\\\/\"},{\"@type\":\"ListItem\",\"position\":2,\"name\":\"Products\",\"item\":\"https:\\\/\\\/quantongfastener.com\\\/products\\\/\"},{\"@type\":\"ListItem\",\"position\":3,\"name\":\"Stainless steel Eye Bolt DIN 444\"}]},{\"@type\":\"WebSite\",\"@id\":\"https:\\\/\\\/quantongfastener.com\\\/#website\",\"url\":\"https:\\\/\\\/quantongfastener.com\\\/\",\"name\":\"Quantong Fastener\",\"description\":\"\",\"publisher\":{\"@id\":\"https:\\\/\\\/quantongfastener.com\\\/#organization\"},\"potentialAction\":[{\"@type\":\"SearchAction\",\"target\":{\"@type\":\"EntryPoint\",\"urlTemplate\":\"https:\\\/\\\/quantongfastener.com\\\/?s={search_term_string}\"},\"query-input\":{\"@type\":\"PropertyValueSpecification\",\"valueRequired\":true,\"valueName\":\"search_term_string\"}}],\"inLanguage\":\"de\"},{\"@type\":\"Organization\",\"@id\":\"https:\\\/\\\/quantongfastener.com\\\/#organization\",\"name\":\"Quantong Fastener\",\"url\":\"https:\\\/\\\/quantongfastener.com\\\/\",\"logo\":{\"@type\":\"ImageObject\",\"inLanguage\":\"de\",\"@id\":\"https:\\\/\\\/quantongfastener.com\\\/#\\\/schema\\\/logo\\\/image\\\/\",\"url\":\"https:\\\/\\\/quantongfastener.com\\\/wp-content\\\/uploads\\\/2025\\\/07\\\/logo.jpg\",\"contentUrl\":\"https:\\\/\\\/quantongfastener.com\\\/wp-content\\\/uploads\\\/2025\\\/07\\\/logo.jpg\",\"width\":425,\"height\":424,\"caption\":\"Quantong Fastener\"},\"image\":{\"@id\":\"https:\\\/\\\/quantongfastener.com\\\/#\\\/schema\\\/logo\\\/image\\\/\"}}]}<\/script>\n<!-- \/ Yoast SEO plugin. -->","yoast_head_json":{"title":"Stainless steel Eye Bolt DIN 444 - Quantong Fastener","robots":{"index":"index","follow":"follow","max-snippet":"max-snippet:-1","max-image-preview":"max-image-preview:large","max-video-preview":"max-video-preview:-1"},"canonical":"https:\/\/quantongfastener.com\/de\/produkt\/stainless-steel-eye-bolt-din-444\/","og_locale":"de_DE","og_type":"article","og_title":"Stainless steel Eye Bolt DIN 444 - Quantong Fastener","og_description":"Min.Order Quantity:1000PCS  PACKAGING:BAG\/BOX WITH PALLET  PORT:TIANJIN\/QINGDAO\/SHANGHAI\/NINGBO  DELIVERY:5-30DAYS ON QTY  PAYMENT:T\/T\/LC  Supply Ability:500 TON PER MONTH","og_url":"https:\/\/quantongfastener.com\/de\/produkt\/stainless-steel-eye-bolt-din-444\/","og_site_name":"Quantong Fastener","article_modified_time":"2025-08-21T03:11:58+00:00","og_image":[{"width":610,"height":610,"url":"https:\/\/quantongfastener.com\/wp-content\/uploads\/2025\/07\/Stainless-steel-Eye-Bolt-DIN-444.jpg","type":"image\/jpeg"}],"twitter_card":"summary_large_image","twitter_misc":{"Gesch\u00e4tzte Lesezeit":"3\u00a0Minuten"},"schema":{"@context":"https:\/\/schema.org","@graph":[{"@type":"WebPage","@id":"https:\/\/quantongfastener.com\/product\/stainless-steel-eye-bolt-din-444\/","url":"https:\/\/quantongfastener.com\/product\/stainless-steel-eye-bolt-din-444\/","name":"Stainless steel Eye Bolt DIN 444 - Quantong Fastener","isPartOf":{"@id":"https:\/\/quantongfastener.com\/#website"},"primaryImageOfPage":{"@id":"https:\/\/quantongfastener.com\/product\/stainless-steel-eye-bolt-din-444\/#primaryimage"},"image":{"@id":"https:\/\/quantongfastener.com\/product\/stainless-steel-eye-bolt-din-444\/#primaryimage"},"thumbnailUrl":"https:\/\/quantongfastener.com\/wp-content\/uploads\/2025\/07\/Stainless-steel-Eye-Bolt-DIN-444.jpg","datePublished":"2025-07-29T15:50:22+00:00","dateModified":"2025-08-21T03:11:58+00:00","breadcrumb":{"@id":"https:\/\/quantongfastener.com\/product\/stainless-steel-eye-bolt-din-444\/#breadcrumb"},"inLanguage":"de","potentialAction":[{"@type":"ReadAction","target":["https:\/\/quantongfastener.com\/product\/stainless-steel-eye-bolt-din-444\/"]}]},{"@type":"ImageObject","inLanguage":"de","@id":"https:\/\/quantongfastener.com\/product\/stainless-steel-eye-bolt-din-444\/#primaryimage","url":"https:\/\/quantongfastener.com\/wp-content\/uploads\/2025\/07\/Stainless-steel-Eye-Bolt-DIN-444.jpg","contentUrl":"https:\/\/quantongfastener.com\/wp-content\/uploads\/2025\/07\/Stainless-steel-Eye-Bolt-DIN-444.jpg","width":610,"height":610},{"@type":"BreadcrumbList","@id":"https:\/\/quantongfastener.com\/product\/stainless-steel-eye-bolt-din-444\/#breadcrumb","itemListElement":[{"@type":"ListItem","position":1,"name":"Home","item":"https:\/\/quantongfastener.com\/"},{"@type":"ListItem","position":2,"name":"Products","item":"https:\/\/quantongfastener.com\/products\/"},{"@type":"ListItem","position":3,"name":"Stainless steel Eye Bolt DIN 444"}]},{"@type":"WebSite","@id":"https:\/\/quantongfastener.com\/#website","url":"https:\/\/quantongfastener.com\/","name":"Quantong-Verschluss","description":"","publisher":{"@id":"https:\/\/quantongfastener.com\/#organization"},"potentialAction":[{"@type":"SearchAction","target":{"@type":"EntryPoint","urlTemplate":"https:\/\/quantongfastener.com\/?s={search_term_string}"},"query-input":{"@type":"PropertyValueSpecification","valueRequired":true,"valueName":"search_term_string"}}],"inLanguage":"de"},{"@type":"Organization","@id":"https:\/\/quantongfastener.com\/#organization","name":"Quantong-Verschluss","url":"https:\/\/quantongfastener.com\/","logo":{"@type":"ImageObject","inLanguage":"de","@id":"https:\/\/quantongfastener.com\/#\/schema\/logo\/image\/","url":"https:\/\/quantongfastener.com\/wp-content\/uploads\/2025\/07\/logo.jpg","contentUrl":"https:\/\/quantongfastener.com\/wp-content\/uploads\/2025\/07\/logo.jpg","width":425,"height":424,"caption":"Quantong Fastener"},"image":{"@id":"https:\/\/quantongfastener.com\/#\/schema\/logo\/image\/"}}]}},"_links":{"self":[{"href":"https:\/\/quantongfastener.com\/de\/wp-json\/wp\/v2\/product\/1556","targetHints":{"allow":["GET"]}}],"collection":[{"href":"https:\/\/quantongfastener.com\/de\/wp-json\/wp\/v2\/product"}],"about":[{"href":"https:\/\/quantongfastener.com\/de\/wp-json\/wp\/v2\/types\/product"}],"wp:featuredmedia":[{"embeddable":true,"href":"https:\/\/quantongfastener.com\/de\/wp-json\/wp\/v2\/media\/1563"}],"wp:attachment":[{"href":"https:\/\/quantongfastener.com\/de\/wp-json\/wp\/v2\/media?parent=1556"}],"wp:term":[{"taxonomy":"product_brand","embeddable":true,"href":"https:\/\/quantongfastener.com\/de\/wp-json\/wp\/v2\/product_brand?post=1556"},{"taxonomy":"product_cat","embeddable":true,"href":"https:\/\/quantongfastener.com\/de\/wp-json\/wp\/v2\/product_cat?post=1556"},{"taxonomy":"product_tag","embeddable":true,"href":"https:\/\/quantongfastener.com\/de\/wp-json\/wp\/v2\/product_tag?post=1556"}],"curies":[{"name":"wp","href":"https:\/\/api.w.org\/{rel}","templated":true}]}}