{"id":1070,"date":"2025-07-29T01:32:05","date_gmt":"2025-07-29T01:32:05","guid":{"rendered":"https:\/\/quantongfastener.com\/?post_type=product&#038;p=1070"},"modified":"2025-07-29T01:32:05","modified_gmt":"2025-07-29T01:32:05","slug":"en14399-din6914-high-strength-hexagon-structural-bolt","status":"publish","type":"product","link":"https:\/\/quantongfastener.com\/de\/produkt\/en14399-din6914-high-strength-hexagon-structural-bolt\/","title":{"rendered":"EN14399 DIN6914 Hochfeste Sechskantbolzen f\u00fcr Bauzwecke"},"content":{"rendered":"<section class=\"tab-content-wrap product-detail\">\n<div class=\"tab-title-bar detail-tabs\">\n<h2 class=\"tab-title title\"><span style=\"font-family: inherit;\">DIN6914 Hochfeste Schrauben f\u00fcr Tragwerke: Ein umfassender Leitfaden<\/span><\/h2>\n<\/div>\n<section class=\"tab-panel-wrap\">\n<section class=\"tab-panel entry\">\n<section class=\"tab-panel-content\"><img fetchpriority=\"high\" decoding=\"async\" class=\"alignnone size-full wp-image-1076\" src=\"https:\/\/quantongfastener.com\/wp-content\/uploads\/2025\/07\/EN14399-DIN6914-High-Strength-Hexagon-Structural-Bolt.jpg\" alt=\"\" width=\"610\" height=\"610\" srcset=\"https:\/\/quantongfastener.com\/wp-content\/uploads\/2025\/07\/EN14399-DIN6914-High-Strength-Hexagon-Structural-Bolt.jpg 610w, https:\/\/quantongfastener.com\/wp-content\/uploads\/2025\/07\/EN14399-DIN6914-High-Strength-Hexagon-Structural-Bolt-300x300.jpg 300w, https:\/\/quantongfastener.com\/wp-content\/uploads\/2025\/07\/EN14399-DIN6914-High-Strength-Hexagon-Structural-Bolt-150x150.jpg 150w, https:\/\/quantongfastener.com\/wp-content\/uploads\/2025\/07\/EN14399-DIN6914-High-Strength-Hexagon-Structural-Bolt-12x12.jpg 12w, https:\/\/quantongfastener.com\/wp-content\/uploads\/2025\/07\/EN14399-DIN6914-High-Strength-Hexagon-Structural-Bolt-600x600.jpg 600w, https:\/\/quantongfastener.com\/wp-content\/uploads\/2025\/07\/EN14399-DIN6914-High-Strength-Hexagon-Structural-Bolt-100x100.jpg 100w\" sizes=\"(max-width: 610px) 100vw, 610px\" \/><\/p>\n<h3 data-spm-anchor-id=\"a2700.details.0.i72.5d38687djKEN1e\">Branchenspezifische Attribute<\/h3>\n<div class=\"table_wrap\">\n<table border=\"0\" cellspacing=\"0\" cellpadding=\"0\">\n<colgroup>\n<col width=\"378\" \/>\n<col width=\"761\" \/><\/colgroup>\n<tbody>\n<tr>\n<td width=\"378\" height=\"36\">Oberfl\u00e4che<\/td>\n<td width=\"761\">ZINC, ZINC PLATED, Schwarz<\/td>\n<\/tr>\n<tr>\n<td width=\"378\" height=\"36\">Material<\/td>\n<td width=\"761\">Stahl<\/td>\n<\/tr>\n<tr>\n<td width=\"378\" height=\"36\">Messsystem<\/td>\n<td width=\"761\">INCH, Metrisch<\/td>\n<\/tr>\n<\/tbody>\n<\/table>\n<\/div>\n<h3 data-spm-anchor-id=\"a2700.details.0.i71.5d38687djKEN1e\">Andere Attribute<\/h3>\n<div class=\"table_wrap\">\n<table border=\"0\" cellspacing=\"0\" cellpadding=\"0\">\n<colgroup>\n<col width=\"378\" \/>\n<col width=\"761\" \/><\/colgroup>\n<tbody>\n<tr>\n<td width=\"378\" height=\"36\">Ort der Herkunft<\/td>\n<td width=\"761\">Hebei, China<\/td>\n<\/tr>\n<tr>\n<td width=\"378\" height=\"36\">Kopf Stil<\/td>\n<td width=\"761\">Flach, Pan, Oval, HEX<\/td>\n<\/tr>\n<tr>\n<td width=\"378\" height=\"36\">Gr\u00f6\u00dfe<\/td>\n<td width=\"761\">Ma\u00dfgeschneiderte Gr\u00f6\u00dfe<\/td>\n<\/tr>\n<tr>\n<td width=\"378\" height=\"36\">Oberfl\u00e4chenbehandlung<\/td>\n<td width=\"761\">Anforderung des Kunden<\/td>\n<\/tr>\n<tr>\n<td width=\"378\" height=\"36\">Verpacken<\/td>\n<td width=\"761\">Karton+Palette<\/td>\n<\/tr>\n<\/tbody>\n<\/table>\n<\/div>\n<p>&nbsp;<\/p>\n<p><span style=\"font-size: medium;\"><strong>Was ist eine DIN6914-Schraube?<\/strong><\/span><\/p>\n<p>DIN6914 ist eine deutsche Norm, die die Abmessungen und Eigenschaften von hochfesten Konstruktionsschrauben festlegt. Diese Schrauben wurden speziell f\u00fcr Anwendungen entwickelt, bei denen au\u00dfergew\u00f6hnliche Festigkeit und Zuverl\u00e4ssigkeit erforderlich sind, wie z. B. bei Stahlkonstruktionen, Br\u00fccken und schweren Maschinen. DIN6914-Schrauben sind f\u00fcr ihre F\u00e4higkeit bekannt, hohen Zugbelastungen standzuhalten, und sorgen f\u00fcr eine sichere und dauerhafte Verbindung zwischen Komponenten.<\/p>\n<p><img decoding=\"async\" class=\"alignnone size-full wp-image-1073\" src=\"https:\/\/quantongfastener.com\/wp-content\/uploads\/2025\/07\/EN14399-DIN6914-High-Strength-Hexagon-Structural-Bolt-3.jpg\" alt=\"\" width=\"610\" height=\"610\" srcset=\"https:\/\/quantongfastener.com\/wp-content\/uploads\/2025\/07\/EN14399-DIN6914-High-Strength-Hexagon-Structural-Bolt-3.jpg 610w, https:\/\/quantongfastener.com\/wp-content\/uploads\/2025\/07\/EN14399-DIN6914-High-Strength-Hexagon-Structural-Bolt-3-300x300.jpg 300w, https:\/\/quantongfastener.com\/wp-content\/uploads\/2025\/07\/EN14399-DIN6914-High-Strength-Hexagon-Structural-Bolt-3-150x150.jpg 150w, https:\/\/quantongfastener.com\/wp-content\/uploads\/2025\/07\/EN14399-DIN6914-High-Strength-Hexagon-Structural-Bolt-3-12x12.jpg 12w, https:\/\/quantongfastener.com\/wp-content\/uploads\/2025\/07\/EN14399-DIN6914-High-Strength-Hexagon-Structural-Bolt-3-600x600.jpg 600w, https:\/\/quantongfastener.com\/wp-content\/uploads\/2025\/07\/EN14399-DIN6914-High-Strength-Hexagon-Structural-Bolt-3-100x100.jpg 100w\" sizes=\"(max-width: 610px) 100vw, 610px\" \/><br \/>\n<strong><span style=\"font-size: medium;\">Hauptmerkmale und Vorteile<\/span><\/strong><\/p>\n<p><strong>1. au\u00dfergew\u00f6hnliche Zugfestigkeit:<\/strong> Sie sind in der Lage, erhebliche Lasten ohne Ausfall zu bew\u00e4ltigen.<br \/>\n<strong>2. exakte Abmessungen:<\/strong> Gefertigt mit engen Toleranzen f\u00fcr einen sicheren Sitz.<br \/>\n<strong>3. korrosionsbest\u00e4ndig:<\/strong> Erh\u00e4ltlich in verschiedenen Beschichtungen zum Schutz vor Rost und anderen korrosiven Elementen.<br \/>\n<strong>4. eine breite Palette von Gr\u00f6\u00dfen:<\/strong> Geeignet f\u00fcr verschiedene Anwendungen und Anschlussanforderungen.<br \/>\n<strong>5.Verbesserte strukturelle Integrit\u00e4t:<\/strong> Bietet eine starke und dauerhafte Verbindung.<br \/>\n<strong>6. Erh\u00f6hte Sicherheit:<\/strong> Verringert das Risiko eines Komponentenausfalls.<br \/>\n<strong>7. kosteneffizient:<\/strong> Langlebig und zuverl\u00e4ssig, minimiert die Wartungskosten.<\/p>\n<p><img decoding=\"async\" class=\"alignnone size-full wp-image-1072\" src=\"https:\/\/quantongfastener.com\/wp-content\/uploads\/2025\/07\/EN14399-DIN6914-High-Strength-Hexagon-Structural-Bolt-2.jpg\" alt=\"\" width=\"610\" height=\"610\" srcset=\"https:\/\/quantongfastener.com\/wp-content\/uploads\/2025\/07\/EN14399-DIN6914-High-Strength-Hexagon-Structural-Bolt-2.jpg 610w, https:\/\/quantongfastener.com\/wp-content\/uploads\/2025\/07\/EN14399-DIN6914-High-Strength-Hexagon-Structural-Bolt-2-300x300.jpg 300w, https:\/\/quantongfastener.com\/wp-content\/uploads\/2025\/07\/EN14399-DIN6914-High-Strength-Hexagon-Structural-Bolt-2-150x150.jpg 150w, https:\/\/quantongfastener.com\/wp-content\/uploads\/2025\/07\/EN14399-DIN6914-High-Strength-Hexagon-Structural-Bolt-2-12x12.jpg 12w, https:\/\/quantongfastener.com\/wp-content\/uploads\/2025\/07\/EN14399-DIN6914-High-Strength-Hexagon-Structural-Bolt-2-600x600.jpg 600w, https:\/\/quantongfastener.com\/wp-content\/uploads\/2025\/07\/EN14399-DIN6914-High-Strength-Hexagon-Structural-Bolt-2-100x100.jpg 100w\" sizes=\"(max-width: 610px) 100vw, 610px\" \/><br \/>\n<span style=\"font-size: medium;\"><strong>Auswahlhilfe<\/strong><\/span><\/p>\n<p>Die Wahl der richtigen DIN6914-Schraube h\u00e4ngt von mehreren Faktoren ab:<\/p>\n<p><strong>1.Laden:<\/strong> Bestimmen Sie die maximalen Zug- und Scherkr\u00e4fte, denen die Schraube ausgesetzt ist.<br \/>\n<strong>2. das Material:<\/strong> W\u00e4hlen Sie ein Schraubenmaterial (z. B. Kohlenstoffstahl, Edelstahl), das mit den umgebenden Materialien und der Umgebung kompatibel ist.<br \/>\n<strong>3.Umwelt:<\/strong> Ber\u00fccksichtigen Sie bei der Auswahl einer Beschichtung oder Plattierung Faktoren wie Temperatur, Feuchtigkeit und Chemikalieneinwirkung.<br \/>\n<strong>4. die Art der Verbindung:<\/strong> Die Art der Verbindung (z. B. Schraubverbindung, Gewindeverbindung) hat Einfluss auf die L\u00e4nge und die Gewindesteigung der Schraube.<br \/>\n<span style=\"font-size: medium;\"><strong>Installation und Vorsichtsma\u00dfnahmen<\/strong><\/span><\/p>\n<p>1. richtiges Anzugsmoment: Stellen Sie sicher, dass die Schrauben mit dem angegebenen Drehmoment angezogen werden, um ein \u00dcber- oder Unterdrehen zu vermeiden.<br \/>\n2) Ma\u00dfnahmen zur Verhinderung von Lockerungen: Verwenden Sie geeignete Unterlegscheiben, Sicherungsmuttern oder Schraubensicherungsmittel, um ein L\u00f6sen durch Vibrationen oder andere Faktoren zu verhindern.<br \/>\n3) Korrosionsschutz: Tragen Sie Schutzschichten oder Schmiermittel auf, insbesondere in korrosiven Umgebungen.<br \/>\n<span style=\"font-size: medium;\"><strong>Wo kann man DIN6914-Schrauben kaufen?<\/strong><\/span><\/p>\n<p>F\u00fcr qualitativ hochwertige DIN6914-Schrauben wenden Sie sich bitte an Cyfastener unter vikki@cyfastener.com. Wir bieten eine breite Palette von Gr\u00f6\u00dfen und G\u00fcten an, um Ihre speziellen Anforderungen zu erf\u00fcllen. Unser erfahrenes Team unterst\u00fctzt Sie bei der Auswahl der richtigen Schrauben f\u00fcr Ihr Projekt und ber\u00e4t Sie fachkundig bei der Installation und Verwendung.<\/p>\n<p><span style=\"font-size: medium;\"><strong>Schlussfolgerung<\/strong><\/span><\/p>\n<p>Hochfeste Konstruktionsschrauben nach DIN6914 sind in vielen technischen Anwendungen unverzichtbare Komponenten. Wenn Sie ihre Eigenschaften, Vorteile und die richtige Auswahl kennen, k\u00f6nnen Sie die Sicherheit und Zuverl\u00e4ssigkeit Ihrer Strukturen gew\u00e4hrleisten.<\/p>\n<p>Sind Sie bereit, Ihre DIN6914-Schrauben zu bestellen? Kontaktieren Sie uns noch heute unter vikki@cyfastener.com f\u00fcr ein Angebot oder um Ihre Projektanforderungen zu besprechen.<\/p>\n<p><span style=\"font-size: medium;\"><strong>Kontaktieren Sie uns jetzt f\u00fcr Kostenvoranschl\u00e4ge und Muster\uff01<\/strong><\/span><\/p>\n<p>&nbsp;<\/p>\n<p>&nbsp;<\/p>\n<p><strong>UNSER PAKET:<\/strong><\/p>\n<p align=\"justify\">1. 25-kg-S\u00e4cke oder 50-kg-S\u00e4cke.<br \/>\n2. S\u00e4cke mit Palette.<br \/>\n3. 25-kg-Kartons oder Kartons mit Palette.<br \/>\n4. Verpackung nach Kundenwunsch<\/p>\n<p><!--\n\n\n<div id=\"downaspdf\">\n                    <a title=\"Download this Product as PDF\" href=\"\/downloadpdf.php?id=8883\" rel=\"external nofollow\"><span>Download as PDF<\/span><\/a><\/div>\n\n\n--><\/p>\n<div class=\"clear\"><\/div>\n<hr \/>\n<ul>\n<li><b>Vorherige:<\/b><br \/>\n<a href=\"https:\/\/www.cyfastener.com\/open-end-eye-bolts-product\/\" rel=\"prev\">Ringschrauben mit offenem Ende<\/a><\/li>\n<li><b>N\u00e4chste:<\/b><br \/>\n<a href=\"https:\/\/www.cyfastener.com\/din6915-high-strength-hex-nuts-product\/\" rel=\"next\">DIN6915 HV Kopfzeichen Hochfeste Sechskantmuttern<\/a><\/li>\n<\/ul>\n<hr \/>\n<\/section>\n<\/section>\n<section class=\"tab-panel disabled entry\">\n<section class=\"tab-panel-content\"><\/section>\n<\/section>\n<\/section>\n<\/section>","protected":false},"excerpt":{"rendered":"<p>Kurze Beschreibung:<br \/>\nABW-PREIS: 720USD-910USD\/TONNE<\/p>\n<p>Min.Bestellmenge:2Tonnen<\/p>\n<p>VERPACKUNG: BEUTEL\/KARTON MIT PALETTE<\/p>\n<p>HAFEN:TIANJIN\/QINGDAO\/SHANGHAI\/NINGBO<\/p>\n<p>LIEFERUNG:5-30 TAGE JE NACH MENGE<\/p>\n<p>BEZAHLUNG:T\/T\/LC<\/p>\n<p>Lieferf\u00e4higkeit:500 TONNEN PRO MONAT<\/p>\n<p>FOB-Preis:US $0.5 - 9,999 \/ St\u00fcck<br \/>\nMin.Bestellmenge:100 St\u00fcck\/St\u00fcck<br \/>\nLieferf\u00e4higkeit:10000 St\u00fcck\/St\u00fcck pro Monat<\/p>","protected":false},"featured_media":1076,"template":"","meta":{"_kad_post_transparent":"default","_kad_post_title":"","_kad_post_layout":"default","_kad_post_sidebar_id":"","_kad_post_content_style":"default","_kad_post_vertical_padding":"default","_kad_post_feature":"","_kad_post_feature_position":"","_kad_post_header":false,"_kad_post_footer":false},"product_brand":[],"product_cat":[28],"product_tag":[],"class_list":{"0":"post-1070","1":"product","2":"type-product","3":"status-publish","4":"has-post-thumbnail","6":"product_cat-bolt","8":"first","9":"instock","10":"shipping-taxable","11":"product-type-simple","12":"entry","13":"content-bg","14":"loop-entry"},"yoast_head":"<!-- This site is optimized with the Yoast SEO plugin v27.4 - https:\/\/yoast.com\/product\/yoast-seo-wordpress\/ -->\n<title>EN14399 DIN6914 High Strength Hexagon Structural Bolt - Quantong Fastener<\/title>\n<meta name=\"robots\" content=\"index, follow, max-snippet:-1, max-image-preview:large, max-video-preview:-1\" \/>\n<link rel=\"canonical\" href=\"https:\/\/quantongfastener.com\/de\/produkt\/en14399-din6914-high-strength-hexagon-structural-bolt\/\" \/>\n<meta property=\"og:locale\" content=\"de_DE\" \/>\n<meta property=\"og:type\" content=\"article\" \/>\n<meta property=\"og:title\" content=\"EN14399 DIN6914 High Strength Hexagon Structural Bolt - Quantong Fastener\" \/>\n<meta property=\"og:description\" content=\"Short Description: EXW PRICE : 720USD-910USD\/TON  Min.Order Quantity:2TONS  PACKAGING:BAG\/BOX WITH PALLET  PORT:TIANJIN\/QINGDAO\/SHANGHAI\/NINGBO  DELIVERY:5-30DAYS ON QTY  PAYMENT:T\/T\/LC  Supply Ability:500 TON PER MONTH  FOB Price:US $0.5 - 9,999 \/ Piece Min.Order Quantity:100 Piece\/Pieces Supply Ability:10000 Piece\/Pieces per Month\" \/>\n<meta property=\"og:url\" content=\"https:\/\/quantongfastener.com\/de\/produkt\/en14399-din6914-high-strength-hexagon-structural-bolt\/\" \/>\n<meta property=\"og:site_name\" content=\"Quantong Fastener\" \/>\n<meta property=\"og:image\" content=\"https:\/\/quantongfastener.com\/wp-content\/uploads\/2025\/07\/EN14399-DIN6914-High-Strength-Hexagon-Structural-Bolt.jpg\" \/>\n\t<meta property=\"og:image:width\" content=\"610\" \/>\n\t<meta property=\"og:image:height\" content=\"610\" \/>\n\t<meta property=\"og:image:type\" content=\"image\/jpeg\" \/>\n<meta name=\"twitter:card\" content=\"summary_large_image\" \/>\n<meta name=\"twitter:label1\" content=\"Gesch\u00e4tzte Lesezeit\" \/>\n\t<meta name=\"twitter:data1\" content=\"3\u00a0Minuten\" \/>\n<script type=\"application\/ld+json\" class=\"yoast-schema-graph\">{\"@context\":\"https:\\\/\\\/schema.org\",\"@graph\":[{\"@type\":\"WebPage\",\"@id\":\"https:\\\/\\\/quantongfastener.com\\\/product\\\/en14399-din6914-high-strength-hexagon-structural-bolt\\\/\",\"url\":\"https:\\\/\\\/quantongfastener.com\\\/product\\\/en14399-din6914-high-strength-hexagon-structural-bolt\\\/\",\"name\":\"EN14399 DIN6914 High Strength Hexagon Structural Bolt - Quantong Fastener\",\"isPartOf\":{\"@id\":\"https:\\\/\\\/quantongfastener.com\\\/#website\"},\"primaryImageOfPage\":{\"@id\":\"https:\\\/\\\/quantongfastener.com\\\/product\\\/en14399-din6914-high-strength-hexagon-structural-bolt\\\/#primaryimage\"},\"image\":{\"@id\":\"https:\\\/\\\/quantongfastener.com\\\/product\\\/en14399-din6914-high-strength-hexagon-structural-bolt\\\/#primaryimage\"},\"thumbnailUrl\":\"https:\\\/\\\/quantongfastener.com\\\/wp-content\\\/uploads\\\/2025\\\/07\\\/EN14399-DIN6914-High-Strength-Hexagon-Structural-Bolt.jpg\",\"datePublished\":\"2025-07-29T01:32:05+00:00\",\"breadcrumb\":{\"@id\":\"https:\\\/\\\/quantongfastener.com\\\/product\\\/en14399-din6914-high-strength-hexagon-structural-bolt\\\/#breadcrumb\"},\"inLanguage\":\"de\",\"potentialAction\":[{\"@type\":\"ReadAction\",\"target\":[\"https:\\\/\\\/quantongfastener.com\\\/product\\\/en14399-din6914-high-strength-hexagon-structural-bolt\\\/\"]}]},{\"@type\":\"ImageObject\",\"inLanguage\":\"de\",\"@id\":\"https:\\\/\\\/quantongfastener.com\\\/product\\\/en14399-din6914-high-strength-hexagon-structural-bolt\\\/#primaryimage\",\"url\":\"https:\\\/\\\/quantongfastener.com\\\/wp-content\\\/uploads\\\/2025\\\/07\\\/EN14399-DIN6914-High-Strength-Hexagon-Structural-Bolt.jpg\",\"contentUrl\":\"https:\\\/\\\/quantongfastener.com\\\/wp-content\\\/uploads\\\/2025\\\/07\\\/EN14399-DIN6914-High-Strength-Hexagon-Structural-Bolt.jpg\",\"width\":610,\"height\":610},{\"@type\":\"BreadcrumbList\",\"@id\":\"https:\\\/\\\/quantongfastener.com\\\/product\\\/en14399-din6914-high-strength-hexagon-structural-bolt\\\/#breadcrumb\",\"itemListElement\":[{\"@type\":\"ListItem\",\"position\":1,\"name\":\"Home\",\"item\":\"https:\\\/\\\/quantongfastener.com\\\/\"},{\"@type\":\"ListItem\",\"position\":2,\"name\":\"Products\",\"item\":\"https:\\\/\\\/quantongfastener.com\\\/products\\\/\"},{\"@type\":\"ListItem\",\"position\":3,\"name\":\"EN14399 DIN6914 High Strength Hexagon Structural Bolt\"}]},{\"@type\":\"WebSite\",\"@id\":\"https:\\\/\\\/quantongfastener.com\\\/#website\",\"url\":\"https:\\\/\\\/quantongfastener.com\\\/\",\"name\":\"Quantong Fastener\",\"description\":\"\",\"publisher\":{\"@id\":\"https:\\\/\\\/quantongfastener.com\\\/#organization\"},\"potentialAction\":[{\"@type\":\"SearchAction\",\"target\":{\"@type\":\"EntryPoint\",\"urlTemplate\":\"https:\\\/\\\/quantongfastener.com\\\/?s={search_term_string}\"},\"query-input\":{\"@type\":\"PropertyValueSpecification\",\"valueRequired\":true,\"valueName\":\"search_term_string\"}}],\"inLanguage\":\"de\"},{\"@type\":\"Organization\",\"@id\":\"https:\\\/\\\/quantongfastener.com\\\/#organization\",\"name\":\"Quantong Fastener\",\"url\":\"https:\\\/\\\/quantongfastener.com\\\/\",\"logo\":{\"@type\":\"ImageObject\",\"inLanguage\":\"de\",\"@id\":\"https:\\\/\\\/quantongfastener.com\\\/#\\\/schema\\\/logo\\\/image\\\/\",\"url\":\"https:\\\/\\\/quantongfastener.com\\\/wp-content\\\/uploads\\\/2025\\\/07\\\/logo.jpg\",\"contentUrl\":\"https:\\\/\\\/quantongfastener.com\\\/wp-content\\\/uploads\\\/2025\\\/07\\\/logo.jpg\",\"width\":425,\"height\":424,\"caption\":\"Quantong Fastener\"},\"image\":{\"@id\":\"https:\\\/\\\/quantongfastener.com\\\/#\\\/schema\\\/logo\\\/image\\\/\"}}]}<\/script>\n<!-- \/ Yoast SEO plugin. -->","yoast_head_json":{"title":"EN14399 DIN6914 High Strength Hexagon Structural Bolt - Quantong Fastener","robots":{"index":"index","follow":"follow","max-snippet":"max-snippet:-1","max-image-preview":"max-image-preview:large","max-video-preview":"max-video-preview:-1"},"canonical":"https:\/\/quantongfastener.com\/de\/produkt\/en14399-din6914-high-strength-hexagon-structural-bolt\/","og_locale":"de_DE","og_type":"article","og_title":"EN14399 DIN6914 High Strength Hexagon Structural Bolt - Quantong Fastener","og_description":"Short Description: EXW PRICE : 720USD-910USD\/TON  Min.Order Quantity:2TONS  PACKAGING:BAG\/BOX WITH PALLET  PORT:TIANJIN\/QINGDAO\/SHANGHAI\/NINGBO  DELIVERY:5-30DAYS ON QTY  PAYMENT:T\/T\/LC  Supply Ability:500 TON PER MONTH  FOB Price:US $0.5 - 9,999 \/ Piece Min.Order Quantity:100 Piece\/Pieces Supply Ability:10000 Piece\/Pieces per Month","og_url":"https:\/\/quantongfastener.com\/de\/produkt\/en14399-din6914-high-strength-hexagon-structural-bolt\/","og_site_name":"Quantong Fastener","og_image":[{"width":610,"height":610,"url":"https:\/\/quantongfastener.com\/wp-content\/uploads\/2025\/07\/EN14399-DIN6914-High-Strength-Hexagon-Structural-Bolt.jpg","type":"image\/jpeg"}],"twitter_card":"summary_large_image","twitter_misc":{"Gesch\u00e4tzte Lesezeit":"3\u00a0Minuten"},"schema":{"@context":"https:\/\/schema.org","@graph":[{"@type":"WebPage","@id":"https:\/\/quantongfastener.com\/product\/en14399-din6914-high-strength-hexagon-structural-bolt\/","url":"https:\/\/quantongfastener.com\/product\/en14399-din6914-high-strength-hexagon-structural-bolt\/","name":"EN14399 DIN6914 High Strength Hexagon Structural Bolt - Quantong Fastener","isPartOf":{"@id":"https:\/\/quantongfastener.com\/#website"},"primaryImageOfPage":{"@id":"https:\/\/quantongfastener.com\/product\/en14399-din6914-high-strength-hexagon-structural-bolt\/#primaryimage"},"image":{"@id":"https:\/\/quantongfastener.com\/product\/en14399-din6914-high-strength-hexagon-structural-bolt\/#primaryimage"},"thumbnailUrl":"https:\/\/quantongfastener.com\/wp-content\/uploads\/2025\/07\/EN14399-DIN6914-High-Strength-Hexagon-Structural-Bolt.jpg","datePublished":"2025-07-29T01:32:05+00:00","breadcrumb":{"@id":"https:\/\/quantongfastener.com\/product\/en14399-din6914-high-strength-hexagon-structural-bolt\/#breadcrumb"},"inLanguage":"de","potentialAction":[{"@type":"ReadAction","target":["https:\/\/quantongfastener.com\/product\/en14399-din6914-high-strength-hexagon-structural-bolt\/"]}]},{"@type":"ImageObject","inLanguage":"de","@id":"https:\/\/quantongfastener.com\/product\/en14399-din6914-high-strength-hexagon-structural-bolt\/#primaryimage","url":"https:\/\/quantongfastener.com\/wp-content\/uploads\/2025\/07\/EN14399-DIN6914-High-Strength-Hexagon-Structural-Bolt.jpg","contentUrl":"https:\/\/quantongfastener.com\/wp-content\/uploads\/2025\/07\/EN14399-DIN6914-High-Strength-Hexagon-Structural-Bolt.jpg","width":610,"height":610},{"@type":"BreadcrumbList","@id":"https:\/\/quantongfastener.com\/product\/en14399-din6914-high-strength-hexagon-structural-bolt\/#breadcrumb","itemListElement":[{"@type":"ListItem","position":1,"name":"Home","item":"https:\/\/quantongfastener.com\/"},{"@type":"ListItem","position":2,"name":"Products","item":"https:\/\/quantongfastener.com\/products\/"},{"@type":"ListItem","position":3,"name":"EN14399 DIN6914 High Strength Hexagon Structural Bolt"}]},{"@type":"WebSite","@id":"https:\/\/quantongfastener.com\/#website","url":"https:\/\/quantongfastener.com\/","name":"Quantong-Verschluss","description":"","publisher":{"@id":"https:\/\/quantongfastener.com\/#organization"},"potentialAction":[{"@type":"SearchAction","target":{"@type":"EntryPoint","urlTemplate":"https:\/\/quantongfastener.com\/?s={search_term_string}"},"query-input":{"@type":"PropertyValueSpecification","valueRequired":true,"valueName":"search_term_string"}}],"inLanguage":"de"},{"@type":"Organization","@id":"https:\/\/quantongfastener.com\/#organization","name":"Quantong-Verschluss","url":"https:\/\/quantongfastener.com\/","logo":{"@type":"ImageObject","inLanguage":"de","@id":"https:\/\/quantongfastener.com\/#\/schema\/logo\/image\/","url":"https:\/\/quantongfastener.com\/wp-content\/uploads\/2025\/07\/logo.jpg","contentUrl":"https:\/\/quantongfastener.com\/wp-content\/uploads\/2025\/07\/logo.jpg","width":425,"height":424,"caption":"Quantong Fastener"},"image":{"@id":"https:\/\/quantongfastener.com\/#\/schema\/logo\/image\/"}}]}},"_links":{"self":[{"href":"https:\/\/quantongfastener.com\/de\/wp-json\/wp\/v2\/product\/1070","targetHints":{"allow":["GET"]}}],"collection":[{"href":"https:\/\/quantongfastener.com\/de\/wp-json\/wp\/v2\/product"}],"about":[{"href":"https:\/\/quantongfastener.com\/de\/wp-json\/wp\/v2\/types\/product"}],"wp:featuredmedia":[{"embeddable":true,"href":"https:\/\/quantongfastener.com\/de\/wp-json\/wp\/v2\/media\/1076"}],"wp:attachment":[{"href":"https:\/\/quantongfastener.com\/de\/wp-json\/wp\/v2\/media?parent=1070"}],"wp:term":[{"taxonomy":"product_brand","embeddable":true,"href":"https:\/\/quantongfastener.com\/de\/wp-json\/wp\/v2\/product_brand?post=1070"},{"taxonomy":"product_cat","embeddable":true,"href":"https:\/\/quantongfastener.com\/de\/wp-json\/wp\/v2\/product_cat?post=1070"},{"taxonomy":"product_tag","embeddable":true,"href":"https:\/\/quantongfastener.com\/de\/wp-json\/wp\/v2\/product_tag?post=1070"}],"curies":[{"name":"wp","href":"https:\/\/api.w.org\/{rel}","templated":true}]}}