{"id":1045,"date":"2025-07-15T05:32:45","date_gmt":"2025-07-15T05:32:45","guid":{"rendered":"https:\/\/quantongfastener.com\/?post_type=product&#038;p=1045"},"modified":"2025-08-21T03:29:05","modified_gmt":"2025-08-21T03:29:05","slug":"professional-hex-key-tools-meeting-your-industrial-application-needs-quality-assured","status":"publish","type":"product","link":"https:\/\/quantongfastener.com\/de\/produkt\/professional-hex-key-tools-meeting-your-industrial-application-needs-quality-assured\/","title":{"rendered":"Professionelle Sechskantschl\u00fcssel-Werkzeuge"},"content":{"rendered":"<section class=\"tab-content-wrap product-detail\">\n<div class=\"tab-title-bar detail-tabs\">\n<h2 class=\"tab-title title current\">Produkt Detail<\/h2>\n<h2 class=\"tab-title title\">Produkt-Tags<\/h2>\n<\/div>\n<section class=\"tab-panel-wrap\">\n<section class=\"tab-panel entry\">\n<section class=\"tab-panel-content\">Professionelle Sechskant-Schl\u00fcsselwerkzeuge: Qualit\u00e4tsgesicherte L\u00f6sungen f\u00fcr Ihre industriellen Anwendungen<a href=\"https:\/\/www.cyfastener.com\/uploads\/L-type-hex-key-1.jpg\"><img decoding=\"async\" class=\"alignnone size-full wp-image-9053\" src=\"https:\/\/www.cyfastener.com\/uploads\/L-type-hex-key-1.jpg\" alt=\"L-type-hex-key-1\" \/><\/a><\/p>\n<p data-sourcepos=\"19:1-19:290\">Wir bei Hebei ChengYi Engineering Materials Co. verstehen die entscheidende Rolle von hochwertigen Werkzeugen in industriellen Anwendungen. Deshalb freuen wir uns, die Erweiterung unserer Sechskantschl\u00fcssel-Produktlinie ank\u00fcndigen zu k\u00f6nnen, die umfassende L\u00f6sungen sowohl f\u00fcr Standard- als auch f\u00fcr hochfeste Sechskantschl\u00fcssel bietet.<\/p>\n<p data-sourcepos=\"21:1-21:51\"><strong>Hervorragende Qualit\u00e4t, die Ihre anspruchsvollen Bed\u00fcrfnisse erf\u00fcllt:<\/strong><\/p>\n<ul data-sourcepos=\"23:1-26:0\">\n<li data-sourcepos=\"23:1-23:136\">Unsere aus hochwertigen Materialien gefertigten Inbusschl\u00fcssel sind robust und langlebig und halten den harten Anforderungen in hochintensiven Arbeitsumgebungen stand.<\/li>\n<li data-sourcepos=\"24:1-24:148\">Ganz gleich, ob Sie Standard- oder Sondergr\u00f6\u00dfen ben\u00f6tigen, wir k\u00f6nnen L\u00f6sungen nach Ihren genauen Spezifikationen ma\u00dfschneidern und so eine perfekte Passform f\u00fcr Ihre Anwendung gew\u00e4hrleisten.<\/li>\n<li data-sourcepos=\"25:1-26:0\">Wir bieten eine Vielzahl von Oberfl\u00e4chenbehandlungen an, darunter glatte, verzinkte und schwarz oxidierte, um die Korrosionsbest\u00e4ndigkeit und Haltbarkeit zu erh\u00f6hen.<\/li>\n<\/ul>\n<p data-sourcepos=\"27:1-27:69\"><strong>Industrietaugliche Leistung, die Ihre Produktionseffizienz steigert:<\/strong><\/p>\n<ul data-sourcepos=\"29:1-32:0\">\n<li data-sourcepos=\"29:1-29:156\">Unsere Innensechskantschl\u00fcssel eignen sich f\u00fcr eine Vielzahl industrieller Anwendungen, z. B. im Maschinenbau, in der Kfz-Reparatur und im Bauwesen.<\/li>\n<li data-sourcepos=\"30:1-30:103\">Die hochfesten Sechskantschl\u00fcssel halten auch hohen Drehmomentanforderungen stand und steigern so Ihre betriebliche Effizienz.<\/li>\n<li data-sourcepos=\"31:1-32:0\">Die Pr\u00e4zisionsfertigung gew\u00e4hrleistet genaue Abmessungen, minimiert Fehler und verbessert die Montagequalit\u00e4t.<\/li>\n<\/ul>\n<p data-sourcepos=\"33:1-33:37\"><strong>Fabrik direkt, unschlagbarer Wert:<\/strong><\/p>\n<ul data-sourcepos=\"35:1-38:0\">\n<li data-sourcepos=\"35:1-35:138\">Als integrierter Hersteller und H\u00e4ndler von Verbindungselementen verf\u00fcgen wir \u00fcber robuste Produktionskapazit\u00e4ten und ein umfassendes Qualit\u00e4tskontrollsystem.<\/li>\n<li data-sourcepos=\"36:1-36:126\">Unser Factory-Direct-Modell garantiert Ihnen die g\u00fcnstigsten Preise bei hervorragender Qualit\u00e4t und Service.<\/li>\n<li data-sourcepos=\"37:1-38:0\">Wir halten gro\u00dfe Lagerbest\u00e4nde vor, die eine schnelle Reaktion auf Bestellungen und eine schnelle Lieferung erm\u00f6glichen.<\/li>\n<\/ul>\n<p><a href=\"https:\/\/www.cyfastener.com\/uploads\/hex-key-application.jpg\"><img decoding=\"async\" class=\"alignnone size-full wp-image-9056\" src=\"https:\/\/www.cyfastener.com\/uploads\/hex-key-application.jpg\" alt=\"hex-key-application\" \/><\/a><\/p>\n<p data-sourcepos=\"41:1-41:85\"><strong>Wenn Sie sich f\u00fcr Hebei ChengYi Engineering Materials Co. Sechskantschl\u00fcssel bedeutet, dass Sie erhalten:<\/strong><\/p>\n<ul data-sourcepos=\"43:1-47:0\">\n<li data-sourcepos=\"43:1-43:41\">Hochwertige und leistungsstarke Produkte<\/li>\n<li data-sourcepos=\"44:1-44:22\">Ma\u00dfgeschneiderte L\u00f6sungen<\/li>\n<li data-sourcepos=\"45:1-45:28\">\u00c4u\u00dferst wettbewerbsf\u00e4hige Preise<\/li>\n<li data-sourcepos=\"46:1-47:0\">Schnelle, zuverl\u00e4ssige Lieferung<\/li>\n<\/ul>\n<p data-sourcepos=\"48:1-48:150\">Wenden Sie sich noch heute an uns, um mehr \u00fcber unsere Sechskantschl\u00fcsselprodukte zu erfahren und dar\u00fcber, wie wir Ihre industriellen Anwendungen mit mehr Effizienz und Zuverl\u00e4ssigkeit unterst\u00fctzen k\u00f6nnen!<\/p>\n<\/section>\n<\/section>\n<section class=\"tab-panel disabled entry\">\n<section class=\"tab-panel-content\"><\/section>\n<\/section>\n<\/section>\n<\/section>","protected":false},"excerpt":{"rendered":"<h3>Kurze Beschreibung:<\/h3>\n<p>Min.Bestellmenge:20000PCS<\/p>\n<p>VERPACKUNG: BEUTEL\/KARTON MIT PALETTE<\/p>\n<p>HAFEN:TIANJIN\/QINGDAO\/SHANGHAI\/NINGBO<\/p>\n<p>LIEFERUNG:5-30 TAGE JE NACH MENGE<\/p>\n<p>BEZAHLUNG:T\/T\/LC<\/p>\n<p>Lieferf\u00e4higkeit:60 TONNEN PRO MONAT<\/p>\n<p>&nbsp;<\/p>\n<ul>\n<li><em>FOB-Preis:<\/em>US $0.5 - 9,999 \/ St\u00fcck<\/li>\n<li><em>Mindestbestellmenge:<\/em>100 St\u00fcck\/St\u00fcck<\/li>\n<li><em>Lieferf\u00e4higkeit:<\/em>10000 St\u00fcck\/St\u00fcck pro Monat<\/li>\n<\/ul>","protected":false},"featured_media":1052,"template":"","meta":{"_kad_post_transparent":"default","_kad_post_title":"","_kad_post_layout":"default","_kad_post_sidebar_id":"","_kad_post_content_style":"default","_kad_post_vertical_padding":"default","_kad_post_feature":"","_kad_post_feature_position":"","_kad_post_header":false,"_kad_post_footer":false},"product_brand":[],"product_cat":[28,41,42],"product_tag":[],"class_list":{"0":"post-1045","1":"product","2":"type-product","3":"status-publish","4":"has-post-thumbnail","6":"product_cat-bolt","7":"product_cat-din-7984-hex-socket-head-cap-boit-with-low-head","8":"product_cat-dln-7991-hex-socket-countersunk-head-cap-bolt","10":"first","11":"instock","12":"shipping-taxable","13":"product-type-simple","14":"entry","15":"content-bg","16":"loop-entry"},"yoast_head":"<!-- This site is optimized with the Yoast SEO plugin v27.4 - https:\/\/yoast.com\/product\/yoast-seo-wordpress\/ -->\n<title>Professional Hex Key Tools - Quantong Fastener<\/title>\n<meta name=\"robots\" content=\"index, follow, max-snippet:-1, max-image-preview:large, max-video-preview:-1\" \/>\n<link rel=\"canonical\" href=\"https:\/\/quantongfastener.com\/de\/produkt\/professional-hex-key-tools-meeting-your-industrial-application-needs-quality-assured\/\" \/>\n<meta property=\"og:locale\" content=\"de_DE\" \/>\n<meta property=\"og:type\" content=\"article\" \/>\n<meta property=\"og:title\" content=\"Professional Hex Key Tools - Quantong Fastener\" \/>\n<meta property=\"og:description\" content=\"Short Description: Min.Order Quantity:20000PCS  PACKAGING:BAG\/BOX WITH PALLET  PORT:TIANJIN\/QINGDAO\/SHANGHAI\/NINGBO  DELIVERY:5-30DAYS ON QTY  PAYMENT:T\/T\/LC  Supply Ability:60 TON PER MONTH  &nbsp;   FOB Price:US $0.5 - 9,999 \/ Piece  Min.Order Quantity:100 Piece\/Pieces  Supply Ability:10000 Piece\/Pieces per Month\" \/>\n<meta property=\"og:url\" content=\"https:\/\/quantongfastener.com\/de\/produkt\/professional-hex-key-tools-meeting-your-industrial-application-needs-quality-assured\/\" \/>\n<meta property=\"og:site_name\" content=\"Quantong Fastener\" \/>\n<meta property=\"article:modified_time\" content=\"2025-08-21T03:29:05+00:00\" \/>\n<meta property=\"og:image\" content=\"https:\/\/quantongfastener.com\/wp-content\/uploads\/2025\/07\/Professional-Hex-Key-Tools_-Meeting-Your-Industrial-Application-Needs-Quality-Assured.jpg\" \/>\n\t<meta property=\"og:image:width\" content=\"610\" \/>\n\t<meta property=\"og:image:height\" content=\"610\" \/>\n\t<meta property=\"og:image:type\" content=\"image\/jpeg\" \/>\n<meta name=\"twitter:card\" content=\"summary_large_image\" \/>\n<meta name=\"twitter:label1\" content=\"Gesch\u00e4tzte Lesezeit\" \/>\n\t<meta name=\"twitter:data1\" content=\"2\u00a0Minuten\" \/>\n<script type=\"application\/ld+json\" class=\"yoast-schema-graph\">{\"@context\":\"https:\\\/\\\/schema.org\",\"@graph\":[{\"@type\":\"WebPage\",\"@id\":\"https:\\\/\\\/quantongfastener.com\\\/product\\\/professional-hex-key-tools-meeting-your-industrial-application-needs-quality-assured\\\/\",\"url\":\"https:\\\/\\\/quantongfastener.com\\\/product\\\/professional-hex-key-tools-meeting-your-industrial-application-needs-quality-assured\\\/\",\"name\":\"Professional Hex Key Tools - Quantong Fastener\",\"isPartOf\":{\"@id\":\"https:\\\/\\\/quantongfastener.com\\\/#website\"},\"primaryImageOfPage\":{\"@id\":\"https:\\\/\\\/quantongfastener.com\\\/product\\\/professional-hex-key-tools-meeting-your-industrial-application-needs-quality-assured\\\/#primaryimage\"},\"image\":{\"@id\":\"https:\\\/\\\/quantongfastener.com\\\/product\\\/professional-hex-key-tools-meeting-your-industrial-application-needs-quality-assured\\\/#primaryimage\"},\"thumbnailUrl\":\"https:\\\/\\\/quantongfastener.com\\\/wp-content\\\/uploads\\\/2025\\\/07\\\/Professional-Hex-Key-Tools_-Meeting-Your-Industrial-Application-Needs-Quality-Assured.jpg\",\"datePublished\":\"2025-07-15T05:32:45+00:00\",\"dateModified\":\"2025-08-21T03:29:05+00:00\",\"breadcrumb\":{\"@id\":\"https:\\\/\\\/quantongfastener.com\\\/product\\\/professional-hex-key-tools-meeting-your-industrial-application-needs-quality-assured\\\/#breadcrumb\"},\"inLanguage\":\"de\",\"potentialAction\":[{\"@type\":\"ReadAction\",\"target\":[\"https:\\\/\\\/quantongfastener.com\\\/product\\\/professional-hex-key-tools-meeting-your-industrial-application-needs-quality-assured\\\/\"]}]},{\"@type\":\"ImageObject\",\"inLanguage\":\"de\",\"@id\":\"https:\\\/\\\/quantongfastener.com\\\/product\\\/professional-hex-key-tools-meeting-your-industrial-application-needs-quality-assured\\\/#primaryimage\",\"url\":\"https:\\\/\\\/quantongfastener.com\\\/wp-content\\\/uploads\\\/2025\\\/07\\\/Professional-Hex-Key-Tools_-Meeting-Your-Industrial-Application-Needs-Quality-Assured.jpg\",\"contentUrl\":\"https:\\\/\\\/quantongfastener.com\\\/wp-content\\\/uploads\\\/2025\\\/07\\\/Professional-Hex-Key-Tools_-Meeting-Your-Industrial-Application-Needs-Quality-Assured.jpg\",\"width\":610,\"height\":610},{\"@type\":\"BreadcrumbList\",\"@id\":\"https:\\\/\\\/quantongfastener.com\\\/product\\\/professional-hex-key-tools-meeting-your-industrial-application-needs-quality-assured\\\/#breadcrumb\",\"itemListElement\":[{\"@type\":\"ListItem\",\"position\":1,\"name\":\"Home\",\"item\":\"https:\\\/\\\/quantongfastener.com\\\/\"},{\"@type\":\"ListItem\",\"position\":2,\"name\":\"Products\",\"item\":\"https:\\\/\\\/quantongfastener.com\\\/products\\\/\"},{\"@type\":\"ListItem\",\"position\":3,\"name\":\"Professional Hex Key Tools\"}]},{\"@type\":\"WebSite\",\"@id\":\"https:\\\/\\\/quantongfastener.com\\\/#website\",\"url\":\"https:\\\/\\\/quantongfastener.com\\\/\",\"name\":\"Quantong Fastener\",\"description\":\"\",\"publisher\":{\"@id\":\"https:\\\/\\\/quantongfastener.com\\\/#organization\"},\"potentialAction\":[{\"@type\":\"SearchAction\",\"target\":{\"@type\":\"EntryPoint\",\"urlTemplate\":\"https:\\\/\\\/quantongfastener.com\\\/?s={search_term_string}\"},\"query-input\":{\"@type\":\"PropertyValueSpecification\",\"valueRequired\":true,\"valueName\":\"search_term_string\"}}],\"inLanguage\":\"de\"},{\"@type\":\"Organization\",\"@id\":\"https:\\\/\\\/quantongfastener.com\\\/#organization\",\"name\":\"Quantong Fastener\",\"url\":\"https:\\\/\\\/quantongfastener.com\\\/\",\"logo\":{\"@type\":\"ImageObject\",\"inLanguage\":\"de\",\"@id\":\"https:\\\/\\\/quantongfastener.com\\\/#\\\/schema\\\/logo\\\/image\\\/\",\"url\":\"https:\\\/\\\/quantongfastener.com\\\/wp-content\\\/uploads\\\/2025\\\/07\\\/logo.jpg\",\"contentUrl\":\"https:\\\/\\\/quantongfastener.com\\\/wp-content\\\/uploads\\\/2025\\\/07\\\/logo.jpg\",\"width\":425,\"height\":424,\"caption\":\"Quantong Fastener\"},\"image\":{\"@id\":\"https:\\\/\\\/quantongfastener.com\\\/#\\\/schema\\\/logo\\\/image\\\/\"}}]}<\/script>\n<!-- \/ Yoast SEO plugin. -->","yoast_head_json":{"title":"Professional Hex Key Tools - Quantong Fastener","robots":{"index":"index","follow":"follow","max-snippet":"max-snippet:-1","max-image-preview":"max-image-preview:large","max-video-preview":"max-video-preview:-1"},"canonical":"https:\/\/quantongfastener.com\/de\/produkt\/professional-hex-key-tools-meeting-your-industrial-application-needs-quality-assured\/","og_locale":"de_DE","og_type":"article","og_title":"Professional Hex Key Tools - Quantong Fastener","og_description":"Short Description: Min.Order Quantity:20000PCS  PACKAGING:BAG\/BOX WITH PALLET  PORT:TIANJIN\/QINGDAO\/SHANGHAI\/NINGBO  DELIVERY:5-30DAYS ON QTY  PAYMENT:T\/T\/LC  Supply Ability:60 TON PER MONTH  &nbsp;   FOB Price:US $0.5 - 9,999 \/ Piece  Min.Order Quantity:100 Piece\/Pieces  Supply Ability:10000 Piece\/Pieces per Month","og_url":"https:\/\/quantongfastener.com\/de\/produkt\/professional-hex-key-tools-meeting-your-industrial-application-needs-quality-assured\/","og_site_name":"Quantong Fastener","article_modified_time":"2025-08-21T03:29:05+00:00","og_image":[{"width":610,"height":610,"url":"https:\/\/quantongfastener.com\/wp-content\/uploads\/2025\/07\/Professional-Hex-Key-Tools_-Meeting-Your-Industrial-Application-Needs-Quality-Assured.jpg","type":"image\/jpeg"}],"twitter_card":"summary_large_image","twitter_misc":{"Gesch\u00e4tzte Lesezeit":"2\u00a0Minuten"},"schema":{"@context":"https:\/\/schema.org","@graph":[{"@type":"WebPage","@id":"https:\/\/quantongfastener.com\/product\/professional-hex-key-tools-meeting-your-industrial-application-needs-quality-assured\/","url":"https:\/\/quantongfastener.com\/product\/professional-hex-key-tools-meeting-your-industrial-application-needs-quality-assured\/","name":"Professional Hex Key Tools - Quantong Fastener","isPartOf":{"@id":"https:\/\/quantongfastener.com\/#website"},"primaryImageOfPage":{"@id":"https:\/\/quantongfastener.com\/product\/professional-hex-key-tools-meeting-your-industrial-application-needs-quality-assured\/#primaryimage"},"image":{"@id":"https:\/\/quantongfastener.com\/product\/professional-hex-key-tools-meeting-your-industrial-application-needs-quality-assured\/#primaryimage"},"thumbnailUrl":"https:\/\/quantongfastener.com\/wp-content\/uploads\/2025\/07\/Professional-Hex-Key-Tools_-Meeting-Your-Industrial-Application-Needs-Quality-Assured.jpg","datePublished":"2025-07-15T05:32:45+00:00","dateModified":"2025-08-21T03:29:05+00:00","breadcrumb":{"@id":"https:\/\/quantongfastener.com\/product\/professional-hex-key-tools-meeting-your-industrial-application-needs-quality-assured\/#breadcrumb"},"inLanguage":"de","potentialAction":[{"@type":"ReadAction","target":["https:\/\/quantongfastener.com\/product\/professional-hex-key-tools-meeting-your-industrial-application-needs-quality-assured\/"]}]},{"@type":"ImageObject","inLanguage":"de","@id":"https:\/\/quantongfastener.com\/product\/professional-hex-key-tools-meeting-your-industrial-application-needs-quality-assured\/#primaryimage","url":"https:\/\/quantongfastener.com\/wp-content\/uploads\/2025\/07\/Professional-Hex-Key-Tools_-Meeting-Your-Industrial-Application-Needs-Quality-Assured.jpg","contentUrl":"https:\/\/quantongfastener.com\/wp-content\/uploads\/2025\/07\/Professional-Hex-Key-Tools_-Meeting-Your-Industrial-Application-Needs-Quality-Assured.jpg","width":610,"height":610},{"@type":"BreadcrumbList","@id":"https:\/\/quantongfastener.com\/product\/professional-hex-key-tools-meeting-your-industrial-application-needs-quality-assured\/#breadcrumb","itemListElement":[{"@type":"ListItem","position":1,"name":"Home","item":"https:\/\/quantongfastener.com\/"},{"@type":"ListItem","position":2,"name":"Products","item":"https:\/\/quantongfastener.com\/products\/"},{"@type":"ListItem","position":3,"name":"Professional Hex Key Tools"}]},{"@type":"WebSite","@id":"https:\/\/quantongfastener.com\/#website","url":"https:\/\/quantongfastener.com\/","name":"Quantong-Verschluss","description":"","publisher":{"@id":"https:\/\/quantongfastener.com\/#organization"},"potentialAction":[{"@type":"SearchAction","target":{"@type":"EntryPoint","urlTemplate":"https:\/\/quantongfastener.com\/?s={search_term_string}"},"query-input":{"@type":"PropertyValueSpecification","valueRequired":true,"valueName":"search_term_string"}}],"inLanguage":"de"},{"@type":"Organization","@id":"https:\/\/quantongfastener.com\/#organization","name":"Quantong-Verschluss","url":"https:\/\/quantongfastener.com\/","logo":{"@type":"ImageObject","inLanguage":"de","@id":"https:\/\/quantongfastener.com\/#\/schema\/logo\/image\/","url":"https:\/\/quantongfastener.com\/wp-content\/uploads\/2025\/07\/logo.jpg","contentUrl":"https:\/\/quantongfastener.com\/wp-content\/uploads\/2025\/07\/logo.jpg","width":425,"height":424,"caption":"Quantong Fastener"},"image":{"@id":"https:\/\/quantongfastener.com\/#\/schema\/logo\/image\/"}}]}},"_links":{"self":[{"href":"https:\/\/quantongfastener.com\/de\/wp-json\/wp\/v2\/product\/1045","targetHints":{"allow":["GET"]}}],"collection":[{"href":"https:\/\/quantongfastener.com\/de\/wp-json\/wp\/v2\/product"}],"about":[{"href":"https:\/\/quantongfastener.com\/de\/wp-json\/wp\/v2\/types\/product"}],"wp:featuredmedia":[{"embeddable":true,"href":"https:\/\/quantongfastener.com\/de\/wp-json\/wp\/v2\/media\/1052"}],"wp:attachment":[{"href":"https:\/\/quantongfastener.com\/de\/wp-json\/wp\/v2\/media?parent=1045"}],"wp:term":[{"taxonomy":"product_brand","embeddable":true,"href":"https:\/\/quantongfastener.com\/de\/wp-json\/wp\/v2\/product_brand?post=1045"},{"taxonomy":"product_cat","embeddable":true,"href":"https:\/\/quantongfastener.com\/de\/wp-json\/wp\/v2\/product_cat?post=1045"},{"taxonomy":"product_tag","embeddable":true,"href":"https:\/\/quantongfastener.com\/de\/wp-json\/wp\/v2\/product_tag?post=1045"}],"curies":[{"name":"wp","href":"https:\/\/api.w.org\/{rel}","templated":true}]}}